{"id":305,"date":"2023-10-23T23:10:35","date_gmt":"2023-10-23T21:10:35","guid":{"rendered":"https:\/\/www.hiseo.cz\/?page_id=305"},"modified":"2024-06-15T02:46:37","modified_gmt":"2024-06-15T00:46:37","slug":"vseobecne-obchodni-podminky","status":"publish","type":"page","link":"https:\/\/www.hiseo.cz\/en\/vseobecne-obchodni-podminky\/","title":{"rendered":"V\u0161eobecn\u00e9 obchodn\u00ed podm\u00ednky"},"content":{"rendered":"<p class=\"has-text-align-center\"><strong>Obchodn\u00ed podm\u00ednky pro poskytov\u00e1n\u00ed slu\u017eeb tvorby webov\u00e9 prezentace<\/strong><\/p>\n\n\n\n<p class=\"has-text-align-center\">1. \u00davodn\u00ed ustanoven\u00ed<\/p>\n\n\n\n<p>1.1. Tyto obchodn\u00ed podm\u00ednky (d\u00e1le jen &#8222;Podm\u00ednky&#8220;) stanovuj\u00ed vz\u00e1jemn\u00e1 pr\u00e1va a povinnosti mezi poskytovatelem slu\u017eeb (d\u00e1le jen &#8222;Poskytovatel&#8220;) a klientem (d\u00e1le jen &#8222;Klient&#8220;) p\u0159i poskytov\u00e1n\u00ed slu\u017eeb spojen\u00fdch s tvorbou a \u00fadr\u017ebou internetov\u00fdch str\u00e1nek.<\/p>\n\n\n\n<p class=\"has-text-align-center\">2. P\u0159edm\u011bt smlouvy<\/p>\n\n\n\n<p>2.1. Poskytovatel poskytuje Klientovi slu\u017eby spojen\u00e9 s tvorbou a dle p\u0159\u00edpadn\u00e9 samostatn\u00e9 domluvy tak\u00e9 \u00fadr\u017ebou internetov\u00fdch str\u00e1nek podle dohodnut\u00fdch specifikac\u00ed a za cenu odsouhlasenou ob\u011bma smluvn\u00edmi stranami.<\/p>\n\n\n\n<p class=\"has-text-align-center\">3. Cena a platba<\/p>\n\n\n\n<p>3.1. Cena za slu\u017eby tvorby internetov\u00fdch str\u00e1nek je dohodnuta mezi Klientem a Poskytovatelem. Faktura za slu\u017eby bude vystavena Klientovi na z\u00e1klad\u011b dohody a bude splatn\u00e1 do dohodnut\u00e9ho data.<\/p>\n\n\n\n<p class=\"has-text-align-center\">4. Pln\u011bn\u00ed slu\u017eeb<\/p>\n\n\n\n<p>4.1. Poskytovatel se zavazuje dodr\u017eovat dohodnut\u00e9 term\u00edny pro pln\u011bn\u00ed slu\u017eeb a sna\u017eit se o kvalitn\u00ed a profesion\u00e1ln\u00ed realizaci projektu.<\/p>\n\n\n\n<p>4.2 Strany se dohodly, \u017ee prezentace bude v\u017edy vytv\u00e1\u0159ena v nejlep\u0161\u00edm pom\u011bru \u010das\/funk\u010dnost a \u017ee klient nebude trvat na pracn\u00fdch detailech, kter\u00e9 nejsou pro funkci projektu nezbytn\u00e9.<\/p>\n\n\n\n<p>4.3 Klient se zavazuje poskytnout maxim\u00e1ln\u00ed sou\u010dinnost a dodat podklady.<\/p>\n\n\n\n<p class=\"has-text-align-center\">5. Odpov\u011bdnost a reklamace<\/p>\n\n\n\n<p>5.1. Poskytovatel odpov\u00edd\u00e1 za kvalitu sv\u00fdch slu\u017eeb po celou \u017eivotnost webu, kter\u00e1 je stanovena na dobu 10 let a to pouze v&nbsp;p\u0159\u00edpad\u011b, \u017ee se smluvn\u00ed strany dohodly na Poskytovatelem dod\u00e1vanou m\u011bs\u00ed\u010dn\u00ed spr\u00e1vu. Klient je povinen neprodlen\u011b ozn\u00e1mit v\u0161echny nedostatky nebo nesrovnalosti v pln\u011bn\u00ed slu\u017eeb a d\u00e1 Poskytovateli p\u0159\u00edle\u017eitost k jejich odstran\u011bn\u00ed.<\/p>\n\n\n\n<p class=\"has-text-align-center\">6. Doba trv\u00e1n\u00ed smlouvy<\/p>\n\n\n\n<p>6.1. Tato smlouva za\u010d\u00edn\u00e1 platit dnem uzav\u0159en\u00ed dohody mezi Klientem a Poskytovatelem a trv\u00e1 do doby spu\u0161t\u011bn\u00ed webu na Klientem dodan\u00e9 a stanoven\u00e9 dom\u00e9n\u011b a ulo\u017ei\u0161ti, nebo do jej\u00edho ukon\u010den\u00ed.<\/p>\n\n\n\n<p class=\"has-text-align-center\">7. Ochrana osobn\u00edch \u00fadaj\u016f<\/p>\n\n\n\n<p>7.1. Poskytovatel a Klient se zavazuj\u00ed dodr\u017eovat ve\u0161ker\u00e9 pr\u00e1vn\u00ed p\u0159edpisy t\u00fdkaj\u00edc\u00ed se ochrany osobn\u00edch \u00fadaj\u016f. V\u00edce informac\u00ed o zpracov\u00e1n\u00ed osobn\u00edch \u00fadaj\u016f naleznete v na\u0161\u00ed Z\u00e1sad\u011b ochrany osobn\u00edch \u00fadaj\u016f.<\/p>\n\n\n\n<p class=\"has-text-align-center\">8. Z\u00e1v\u011bre\u010dn\u00e1 ustanoven\u00ed<\/p>\n\n\n\n<p>8.1. Tato smlouva m\u016f\u017ee b\u00fdt zm\u011bn\u011bna pouze p\u00edsemn\u00fdm dohodnut\u00edm obou stran.<\/p>\n\n\n\n<p>8.2. V p\u0159\u00edpad\u011b spor\u016f souvisej\u00edc\u00edch s touto smlouvou budou strany usilovat o jejich \u0159e\u0161en\u00ed prost\u0159ednictv\u00edm jedn\u00e1n\u00ed a dohody.<\/p>\n\n\n\n<p>8.3. Tato smlouva podl\u00e9h\u00e1 pr\u00e1vn\u00edmu \u0159\u00e1du \u010cesk\u00e9 republiky a bude vykl\u00e1d\u00e1na v souladu s n\u00edm.<\/p>\n\n\n\n<p><\/p>\n\n\n\n<p><\/p>\n\n\n\n<p class=\"has-text-align-center\"><strong>Obchodn\u00ed podm\u00ednky pro poskytov\u00e1n\u00ed slu\u017eeb <\/strong>&#8222;<strong>Hotov\u00e9ho webu<\/strong>&#8222;<\/p>\n\n\n\n<p class=\"has-text-align-center\">1. \u00davodn\u00ed ustanoven\u00ed<\/p>\n\n\n\n<p>1.1. Tyto obchodn\u00ed podm\u00ednky (d\u00e1le jen &#8222;Podm\u00ednky&#8220;) stanovuj\u00ed vz\u00e1jemn\u00e1 pr\u00e1va a povinnosti mezi poskytovatelem slu\u017eeb (d\u00e1le jen &#8222;Poskytovatel&#8220;) a klientem (d\u00e1le jen &#8222;Klient&#8220;) p\u0159i poskytov\u00e1n\u00ed slu\u017eeb spojen\u00fdch s objedn\u00e1n\u00edm tzv. &#8222;Hotov\u00e9ho webu&#8220;.<\/p>\n\n\n\n<p class=\"has-text-align-center\">2. P\u0159edm\u011bt smlouvy<\/p>\n\n\n\n<p>2.1. Poskytovatel poskytuje Klientovi slu\u017eby spojen\u00e9 s poskytnut\u00edm v\u00fdukov\u00fdch materi\u00e1l\u016f, zprovozn\u011bn\u00ed zvolen\u00e9ho hotov\u00e9ho webu k editaci na sv\u00e9m serveru a spu\u0161t\u011bn\u00edm p\u0159ipraven\u00e9ho dema na dom\u00e9n\u011b a hostingu klienta za cenu odsouhlasenou ob\u011bma smluvn\u00edmi stranami.<\/p>\n\n\n\n<p class=\"has-text-align-center\">3. Cena<\/p>\n\n\n\n<p>3.1. Cena za slu\u017eby se \u0159\u00edd\u00ed cen\u00edkem zobrazen\u00fdm v\u017edy u dan\u00e9 verze slu\u017eby.<\/p>\n\n\n\n<p class=\"has-text-align-center\">4. Pln\u011bn\u00ed slu\u017eeb<\/p>\n\n\n\n<p>4.1. Poskytovatel se zavazuje zp\u0159\u00edstupnit n\u00e1vody automatickou elektronickou formou skrze \u00fa\u010det klienta. N\u00e1vody se zobraz\u00ed po p\u0159ihl\u00e1\u0161en\u00ed na str\u00e1nce \u00fa\u010dtu klienta na port\u00e1le www.hiseo.cz.<\/p>\n\n\n\n<p>4.2. Poskytovatel se zavazuje jednat bez zbyte\u010dn\u00e9ho odkalu a Hotov\u00fd web k editaci na sv\u00e9m serveru zp\u0159\u00edstupnit ide\u00e1ln\u011b v \u010dase do 28 hodin od objedn\u00e1n\u00ed a zaplacen\u00ed slu\u017eby. <\/p>\n\n\n\n<p>4.3. Klient souhlas\u00ed se vzhledem a strukturou zvolen\u00e9ho Hotov\u00e9ho webu a d\u00e1le souhlas\u00ed, \u017ee nepot\u0159ebuje jin\u00e9 grafick\u00e9 a syst\u00e9mov\u00e9 \u00fapravy.<\/p>\n\n\n\n<p>4.4. Klient souhlas\u00ed, \u017ee si obsah str\u00e1nek (texty, fotky, barvy, produkty, aktuality a dal\u0161\u00ed z\u00e1kladn\u00ed v\u011bci) bude upravovat s\u00e1m dle poskytnut\u00fdch online video-n\u00e1vod\u016f.<\/p>\n\n\n\n<p>4.5. Klient se p\u0159ed zakoupen\u00edm slu\u017eby Hotov\u00e9ho webu d\u016fkladn\u011b sezn\u00e1mil se zvolen\u00fdm vzhledem prost\u0159ednictv\u00edm \u017eiv\u00e9ho n\u00e1hledu, kter\u00fd je p\u0159\u00edstupn\u00fd skrze str\u00e1nku, kde danou slu\u017ebu objedn\u00e1v\u00e1.<\/p>\n\n\n\n<p class=\"has-text-align-center\">5. Odpov\u011bdnost a reklamace<\/p>\n\n\n\n<p>5.1. Klient si uv\u011bdomuje, \u017ee slu\u017eba Hotov\u00e9ho webu je spojena s individu\u00e1ln\u00ed p\u0159\u00edpravou a nen\u00ed mo\u017en\u00e9 odstoupit do 14 dn\u016f od objedn\u00e1n\u00ed slu\u017eby.<\/p>\n\n\n\n<p class=\"has-text-align-center\">6. Ochrana osobn\u00edch \u00fadaj\u016f<\/p>\n\n\n\n<p>6.1. Poskytovatel a Klient se zavazuj\u00ed dodr\u017eovat ve\u0161ker\u00e9 pr\u00e1vn\u00ed p\u0159edpisy t\u00fdkaj\u00edc\u00ed se ochrany osobn\u00edch \u00fadaj\u016f. V\u00edce informac\u00ed o zpracov\u00e1n\u00ed osobn\u00edch \u00fadaj\u016f naleznete v na\u0161\u00ed Z\u00e1sad\u011b ochrany osobn\u00edch \u00fadaj\u016f.<\/p>\n\n\n\n<p class=\"has-text-align-center\">7. Doba trv\u00e1n\u00ed smlouvy<\/p>\n\n\n\n<p>7.1. Tato smlouva za\u010d\u00edn\u00e1 platit dnem objedn\u00e1n\u00ed a zaplacen\u00ed slu\u017eby Hotov\u00e9ho webu a kon\u010d\u00ed spu\u0161t\u011bn\u00edm webu na Klientem ur\u010den\u00e9 dom\u00e9n\u011b a ulo\u017ei\u0161ti, nebo po uplynut\u00ed lh\u016fty 6 m\u011bs\u00edc\u016f od zakoupen\u00ed slu\u017eby hotov\u00e9ho webu.<\/p>\n\n\n\n<p class=\"has-text-align-center\">8. Z\u00e1v\u011bre\u010dn\u00e1 ustanoven\u00ed<\/p>\n\n\n\n<p>8.1. Tato smlouva m\u016f\u017ee b\u00fdt zm\u011bn\u011bna pouze p\u00edsemn\u00fdm dohodnut\u00edm obou stran.<\/p>\n\n\n\n<p>8.2. V p\u0159\u00edpad\u011b spor\u016f souvisej\u00edc\u00edch s touto smlouvou budou strany usilovat o jejich \u0159e\u0161en\u00ed prost\u0159ednictv\u00edm jedn\u00e1n\u00ed a dohody.<\/p>\n\n\n\n<p>8.3. Tato smlouva podl\u00e9h\u00e1 pr\u00e1vn\u00edmu \u0159\u00e1du \u010cesk\u00e9 republiky a bude vykl\u00e1d\u00e1na v souladu s n\u00edm.<\/p>\n\n\n\n<p class=\"has-text-align-right\">Podm\u00ednky byly aktualizov\u00e1ny v\u00a0Brn\u011b dne 15.6.2024<\/p>","protected":false},"excerpt":{"rendered":"<p>Obchodn\u00ed podm\u00ednky pro poskytov\u00e1n\u00ed slu\u017eeb tvorby webov\u00e9 prezentace 1. \u00davodn\u00ed ustanoven\u00ed 1.1. Tyto obchodn\u00ed podm\u00ednky (d\u00e1le jen &#8222;Podm\u00ednky&#8220;) stanovuj\u00ed vz\u00e1jemn\u00e1 pr\u00e1va a povinnosti mezi poskytovatelem slu\u017eeb (d\u00e1le jen &#8222;Poskytovatel&#8220;) a klientem (d\u00e1le jen &#8222;Klient&#8220;) p\u0159i poskytov\u00e1n\u00ed slu\u017eeb spojen\u00fdch s tvorbou a \u00fadr\u017ebou internetov\u00fdch str\u00e1nek. 2. P\u0159edm\u011bt smlouvy 2.1. Poskytovatel poskytuje Klientovi slu\u017eby spojen\u00e9 s tvorbou [&hellip;]<\/p>","protected":false},"author":1,"featured_media":0,"parent":0,"menu_order":0,"comment_status":"closed","ping_status":"closed","template":"","meta":{"footnotes":""},"class_list":["post-305","page","type-page","status-publish","hentry"],"yoast_head":"<!-- This site is optimized with the Yoast SEO Premium plugin v22.8 (Yoast SEO v22.8) - https:\/\/yoast.com\/wordpress\/plugins\/seo\/ -->\n<title>V\u0161eobecn\u00e9 obchodn\u00ed podm\u00ednky - hiSEO.cz<\/title>\n<meta name=\"robots\" content=\"index, follow, max-snippet:-1, max-image-preview:large, max-video-preview:-1\" \/>\n<link rel=\"canonical\" href=\"https:\/\/www.hiseo.cz\/en\/vseobecne-obchodni-podminky\/\" \/>\n<meta property=\"og:locale\" content=\"en_GB\" \/>\n<meta property=\"og:type\" content=\"article\" \/>\n<meta property=\"og:title\" content=\"V\u0161eobecn\u00e9 obchodn\u00ed podm\u00ednky\" \/>\n<meta property=\"og:description\" content=\"Obchodn\u00ed podm\u00ednky pro poskytov\u00e1n\u00ed slu\u017eeb tvorby webov\u00e9 prezentace 1. \u00davodn\u00ed ustanoven\u00ed 1.1. Tyto obchodn\u00ed podm\u00ednky (d\u00e1le jen &#8222;Podm\u00ednky&#8220;) stanovuj\u00ed vz\u00e1jemn\u00e1 pr\u00e1va a povinnosti mezi poskytovatelem slu\u017eeb (d\u00e1le jen &#8222;Poskytovatel&#8220;) a klientem (d\u00e1le jen &#8222;Klient&#8220;) p\u0159i poskytov\u00e1n\u00ed slu\u017eeb spojen\u00fdch s tvorbou a \u00fadr\u017ebou internetov\u00fdch str\u00e1nek. 2. P\u0159edm\u011bt smlouvy 2.1. Poskytovatel poskytuje Klientovi slu\u017eby spojen\u00e9 s tvorbou [&hellip;]\" \/>\n<meta property=\"og:url\" content=\"https:\/\/www.hiseo.cz\/en\/vseobecne-obchodni-podminky\/\" \/>\n<meta property=\"og:site_name\" content=\"hiSEO.cz\" \/>\n<meta property=\"article:modified_time\" content=\"2024-06-15T00:46:37+00:00\" \/>\n<meta name=\"twitter:card\" content=\"summary_large_image\" \/>\n<meta name=\"twitter:label1\" content=\"Estimated reading time\" \/>\n\t<meta name=\"twitter:data1\" content=\"4 minutes\" \/>\n<script type=\"application\/ld+json\" class=\"yoast-schema-graph\">{\"@context\":\"https:\/\/schema.org\",\"@graph\":[{\"@type\":\"WebPage\",\"@id\":\"https:\/\/www.hiseo.cz\/vseobecne-obchodni-podminky\/\",\"url\":\"https:\/\/www.hiseo.cz\/vseobecne-obchodni-podminky\/\",\"name\":\"V\u0161eobecn\u00e9 obchodn\u00ed podm\u00ednky - hiSEO.cz\",\"isPartOf\":{\"@id\":\"https:\/\/www.hiseo.cz\/#website\"},\"datePublished\":\"2023-10-23T21:10:35+00:00\",\"dateModified\":\"2024-06-15T00:46:37+00:00\",\"breadcrumb\":{\"@id\":\"https:\/\/www.hiseo.cz\/vseobecne-obchodni-podminky\/#breadcrumb\"},\"inLanguage\":\"en-GB\",\"potentialAction\":[{\"@type\":\"ReadAction\",\"target\":[\"https:\/\/www.hiseo.cz\/vseobecne-obchodni-podminky\/\"]}]},{\"@type\":\"BreadcrumbList\",\"@id\":\"https:\/\/www.hiseo.cz\/vseobecne-obchodni-podminky\/#breadcrumb\",\"itemListElement\":[{\"@type\":\"ListItem\",\"position\":1,\"name\":\"Home\",\"item\":\"https:\/\/www.hiseo.cz\/\"},{\"@type\":\"ListItem\",\"position\":2,\"name\":\"V\u0161eobecn\u00e9 obchodn\u00ed podm\u00ednky\"}]},{\"@type\":\"WebSite\",\"@id\":\"https:\/\/www.hiseo.cz\/#website\",\"url\":\"https:\/\/www.hiseo.cz\/\",\"name\":\"hiSEO.cz\",\"description\":\"Tvorba pr\u00e9miov\u00fdch web\u016f a grafiky | hi SEO, s.r.o.\",\"publisher\":{\"@id\":\"https:\/\/www.hiseo.cz\/#organization\"},\"alternateName\":\"Tvorba pr\u00e9miov\u00fdch web\u016f a grafiky\",\"potentialAction\":[{\"@type\":\"SearchAction\",\"target\":{\"@type\":\"EntryPoint\",\"urlTemplate\":\"https:\/\/www.hiseo.cz\/?s={search_term_string}\"},\"query-input\":\"required name=search_term_string\"}],\"inLanguage\":\"en-GB\"},{\"@type\":\"Organization\",\"@id\":\"https:\/\/www.hiseo.cz\/#organization\",\"name\":\"hiSEO.cz\",\"url\":\"https:\/\/www.hiseo.cz\/\",\"logo\":{\"@type\":\"ImageObject\",\"inLanguage\":\"en-GB\",\"@id\":\"https:\/\/www.hiseo.cz\/#\/schema\/logo\/image\/\",\"url\":\"https:\/\/www.hiseo.cz\/wp-content\/uploads\/2023\/10\/Logo-hiSEO-male--e1697841295529.png\",\"contentUrl\":\"https:\/\/www.hiseo.cz\/wp-content\/uploads\/2023\/10\/Logo-hiSEO-male--e1697841295529.png\",\"width\":352,\"height\":89,\"caption\":\"hiSEO.cz\"},\"image\":{\"@id\":\"https:\/\/www.hiseo.cz\/#\/schema\/logo\/image\/\"}}]}<\/script>\n<!-- \/ Yoast SEO Premium plugin. -->","yoast_head_json":{"title":"V\u0161eobecn\u00e9 obchodn\u00ed podm\u00ednky - hiSEO.cz","robots":{"index":"index","follow":"follow","max-snippet":"max-snippet:-1","max-image-preview":"max-image-preview:large","max-video-preview":"max-video-preview:-1"},"canonical":"https:\/\/www.hiseo.cz\/en\/vseobecne-obchodni-podminky\/","og_locale":"en_GB","og_type":"article","og_title":"V\u0161eobecn\u00e9 obchodn\u00ed podm\u00ednky","og_description":"Obchodn\u00ed podm\u00ednky pro poskytov\u00e1n\u00ed slu\u017eeb tvorby webov\u00e9 prezentace 1. \u00davodn\u00ed ustanoven\u00ed 1.1. Tyto obchodn\u00ed podm\u00ednky (d\u00e1le jen &#8222;Podm\u00ednky&#8220;) stanovuj\u00ed vz\u00e1jemn\u00e1 pr\u00e1va a povinnosti mezi poskytovatelem slu\u017eeb (d\u00e1le jen &#8222;Poskytovatel&#8220;) a klientem (d\u00e1le jen &#8222;Klient&#8220;) p\u0159i poskytov\u00e1n\u00ed slu\u017eeb spojen\u00fdch s tvorbou a \u00fadr\u017ebou internetov\u00fdch str\u00e1nek. 2. P\u0159edm\u011bt smlouvy 2.1. Poskytovatel poskytuje Klientovi slu\u017eby spojen\u00e9 s tvorbou [&hellip;]","og_url":"https:\/\/www.hiseo.cz\/en\/vseobecne-obchodni-podminky\/","og_site_name":"hiSEO.cz","article_modified_time":"2024-06-15T00:46:37+00:00","twitter_card":"summary_large_image","twitter_misc":{"Estimated reading time":"4 minutes"},"schema":{"@context":"https:\/\/schema.org","@graph":[{"@type":"WebPage","@id":"https:\/\/www.hiseo.cz\/vseobecne-obchodni-podminky\/","url":"https:\/\/www.hiseo.cz\/vseobecne-obchodni-podminky\/","name":"V\u0161eobecn\u00e9 obchodn\u00ed podm\u00ednky - hiSEO.cz","isPartOf":{"@id":"https:\/\/www.hiseo.cz\/#website"},"datePublished":"2023-10-23T21:10:35+00:00","dateModified":"2024-06-15T00:46:37+00:00","breadcrumb":{"@id":"https:\/\/www.hiseo.cz\/vseobecne-obchodni-podminky\/#breadcrumb"},"inLanguage":"en-GB","potentialAction":[{"@type":"ReadAction","target":["https:\/\/www.hiseo.cz\/vseobecne-obchodni-podminky\/"]}]},{"@type":"BreadcrumbList","@id":"https:\/\/www.hiseo.cz\/vseobecne-obchodni-podminky\/#breadcrumb","itemListElement":[{"@type":"ListItem","position":1,"name":"Home","item":"https:\/\/www.hiseo.cz\/"},{"@type":"ListItem","position":2,"name":"V\u0161eobecn\u00e9 obchodn\u00ed podm\u00ednky"}]},{"@type":"WebSite","@id":"https:\/\/www.hiseo.cz\/#website","url":"https:\/\/www.hiseo.cz\/","name":"hiSEO.cz","description":"Tvorba pr\u00e9miov\u00fdch web\u016f a grafiky | hi SEO, s.r.o.","publisher":{"@id":"https:\/\/www.hiseo.cz\/#organization"},"alternateName":"Tvorba pr\u00e9miov\u00fdch web\u016f a grafiky","potentialAction":[{"@type":"SearchAction","target":{"@type":"EntryPoint","urlTemplate":"https:\/\/www.hiseo.cz\/?s={search_term_string}"},"query-input":"required name=search_term_string"}],"inLanguage":"en-GB"},{"@type":"Organization","@id":"https:\/\/www.hiseo.cz\/#organization","name":"hiSEO.cz","url":"https:\/\/www.hiseo.cz\/","logo":{"@type":"ImageObject","inLanguage":"en-GB","@id":"https:\/\/www.hiseo.cz\/#\/schema\/logo\/image\/","url":"https:\/\/www.hiseo.cz\/wp-content\/uploads\/2023\/10\/Logo-hiSEO-male--e1697841295529.png","contentUrl":"https:\/\/www.hiseo.cz\/wp-content\/uploads\/2023\/10\/Logo-hiSEO-male--e1697841295529.png","width":352,"height":89,"caption":"hiSEO.cz"},"image":{"@id":"https:\/\/www.hiseo.cz\/#\/schema\/logo\/image\/"}}]}},"_links":{"self":[{"href":"https:\/\/www.hiseo.cz\/en\/wp-json\/wp\/v2\/pages\/305","targetHints":{"allow":["GET"]}}],"collection":[{"href":"https:\/\/www.hiseo.cz\/en\/wp-json\/wp\/v2\/pages"}],"about":[{"href":"https:\/\/www.hiseo.cz\/en\/wp-json\/wp\/v2\/types\/page"}],"author":[{"embeddable":true,"href":"https:\/\/www.hiseo.cz\/en\/wp-json\/wp\/v2\/users\/1"}],"replies":[{"embeddable":true,"href":"https:\/\/www.hiseo.cz\/en\/wp-json\/wp\/v2\/comments?post=305"}],"version-history":[{"count":2,"href":"https:\/\/www.hiseo.cz\/en\/wp-json\/wp\/v2\/pages\/305\/revisions"}],"predecessor-version":[{"id":2135,"href":"https:\/\/www.hiseo.cz\/en\/wp-json\/wp\/v2\/pages\/305\/revisions\/2135"}],"wp:attachment":[{"href":"https:\/\/www.hiseo.cz\/en\/wp-json\/wp\/v2\/media?parent=305"}],"curies":[{"name":"wp","href":"https:\/\/api.w.org\/{rel}","templated":true}]}}