{"id":462,"date":"2023-11-15T16:54:30","date_gmt":"2023-11-15T15:54:30","guid":{"rendered":"https:\/\/www.hiseo.cz\/?page_id=462"},"modified":"2023-11-16T01:43:27","modified_gmt":"2023-11-16T00:43:27","slug":"dohoda","status":"publish","type":"page","link":"https:\/\/www.hiseo.cz\/en\/dohoda\/","title":{"rendered":"Dohoda"},"content":{"rendered":"<div data-elementor-type=\"wp-page\" data-elementor-id=\"462\" class=\"elementor elementor-462\" data-elementor-post-type=\"page\">\n\t\t\t\t<div class=\"elementor-element elementor-element-e4edc9a e-flex e-con-boxed e-con e-parent\" data-id=\"e4edc9a\" data-element_type=\"container\">\n\t\t\t\t\t<div class=\"e-con-inner\">\n\t\t<div class=\"elementor-element elementor-element-13209f6 e-flex e-con-boxed elementor-invisible e-con e-child\" data-id=\"13209f6\" data-element_type=\"container\" data-settings=\"{&quot;background_background&quot;:&quot;classic&quot;,&quot;animation&quot;:&quot;slideInUp&quot;}\">\n\t\t\t\t\t<div class=\"e-con-inner\">\n\t\t\t\t<div class=\"elementor-element elementor-element-a5c8b6c elementor-widget elementor-widget-shortcode\" data-id=\"a5c8b6c\" data-element_type=\"widget\" data-widget_type=\"shortcode.default\">\n\t\t\t\t<div class=\"elementor-widget-container\">\n\t\t\t\t\t<div class=\"elementor-shortcode\"><div class=\"wpforms-container wpforms-container-full wpforms-render-modern\" id=\"wpforms-460\"><form id=\"wpforms-form-460\" class=\"wpforms-validate wpforms-form wpforms-ajax-form\" data-formid=\"460\" method=\"post\" enctype=\"multipart\/form-data\" action=\"\/en\/wp-json\/wp\/v2\/pages\/462\" data-token=\"820f7ecc5c37f47553417aeb8f84592a\" data-trp-original-action=\"\/en\/wp-json\/wp\/v2\/pages\/462\"><noscript class=\"wpforms-error-noscript\">Please enable JavaScript in your browser to complete this form.<\/noscript><div class=\"wpforms-hidden\" id=\"wpforms-error-noscript\">Please enable JavaScript in your browser to complete this form.<\/div><div class=\"wpforms-field-container\"><div id=\"wpforms-460-field_1-container\" class=\"wpforms-field wpforms-field-html\" data-field-id=\"1\"><div id=\"wpforms-460-field_1\" aria-errormessage=\"wpforms-460-field_1-error\"><h1 style=\"text-align: center;\"><strong>DOHODA<\/strong><\/h1><\/div><\/div><div id=\"wpforms-460-field_2-container\" class=\"wpforms-field wpforms-field-html\" data-field-id=\"2\"><div id=\"wpforms-460-field_2\" aria-errormessage=\"wpforms-460-field_2-error\"><p style=\"text-align: center;\"><strong>I. STRANY<\/strong><\/p>\r\n<p><strong>hi SEO, s.r.o.<\/strong><br \/>Zastoupena Markem S\u00fdkorou <br \/>I\u010cO: 09894446 | DI\u010c: CZ09894446<\/p>\r\n<p>Sv\u00e1\u017en\u00e1 393\/1, Brno 63400<br \/>D\u00e1le jen \u201e<strong>Dodavatel<\/strong>\u201c.<\/p>\r\n<p>a<\/p><p>n\u00ed\u017ee uveden\u00fd <strong>\"Klient\"<\/strong>.<\/p><\/div><\/div><div id=\"wpforms-460-field_3-container\" class=\"wpforms-field wpforms-field-text wpforms-one-half wpforms-first\" data-field-id=\"3\"><label class=\"wpforms-field-label\" for=\"wpforms-460-field_3\">Jm\u00e9no a p\u0159\u00edjmen\u00ed <span class=\"wpforms-required-label\" aria-hidden=\"true\">*<\/span><\/label><input type=\"text\" id=\"wpforms-460-field_3\" class=\"wpforms-field-large wpforms-field-required\" name=\"wpforms[fields][3]\" aria-errormessage=\"wpforms-460-field_3-error\" required><\/div><div id=\"wpforms-460-field_4-container\" class=\"wpforms-field wpforms-field-text wpforms-one-half\" data-field-id=\"4\"><label class=\"wpforms-field-label\" for=\"wpforms-460-field_4\">N\u00e1zev firmy | organizace<\/label><input type=\"text\" id=\"wpforms-460-field_4\" class=\"wpforms-field-large\" name=\"wpforms[fields][4]\" aria-errormessage=\"wpforms-460-field_4-error\" ><\/div><div id=\"wpforms-460-field_5-container\" class=\"wpforms-field wpforms-field-email wpforms-one-half wpforms-first\" data-field-id=\"5\"><label class=\"wpforms-field-label\" for=\"wpforms-460-field_5\">E-mail <span class=\"wpforms-required-label\" aria-hidden=\"true\">*<\/span><\/label><input type=\"email\" id=\"wpforms-460-field_5\" class=\"wpforms-field-large wpforms-field-required\" name=\"wpforms[fields][5]\" spellcheck=\"false\" aria-errormessage=\"wpforms-460-field_5-error\" required><\/div><div id=\"wpforms-460-field_6-container\" class=\"wpforms-field wpforms-field-phone wpforms-one-half\" data-field-id=\"6\"><label class=\"wpforms-field-label\" for=\"wpforms-460-field_6\">Telefon<\/label><input type=\"tel\" id=\"wpforms-460-field_6\" class=\"wpforms-field-large wpforms-smart-phone-field\" data-rule-smart-phone-field=\"true\" name=\"wpforms[fields][6]\" aria-errormessage=\"wpforms-460-field_6-error\" ><\/div><div id=\"wpforms-460-field_7-container\" class=\"wpforms-field wpforms-field-text\" data-field-id=\"7\"><label class=\"wpforms-field-label\" for=\"wpforms-460-field_7\">Faktura\u010dn\u00ed adresa<\/label><input type=\"text\" id=\"wpforms-460-field_7\" class=\"wpforms-field-large\" name=\"wpforms[fields][7]\" aria-errormessage=\"wpforms-460-field_7-error\" aria-describedby=\"wpforms-460-field_7-description\" ><div id=\"wpforms-460-field_7-description\" class=\"wpforms-field-description\">(Ulice, \u010d\u00edslo popisn\u00e9, M\u011bsto) <\/div><\/div><div id=\"wpforms-460-field_8-container\" class=\"wpforms-field wpforms-field-text wpforms-one-half wpforms-first\" data-field-id=\"8\"><label class=\"wpforms-field-label\" for=\"wpforms-460-field_8\">I\u010cO<\/label><input type=\"text\" id=\"wpforms-460-field_8\" class=\"wpforms-field-large\" name=\"wpforms[fields][8]\" aria-errormessage=\"wpforms-460-field_8-error\" ><\/div><div id=\"wpforms-460-field_9-container\" class=\"wpforms-field wpforms-field-text wpforms-one-half\" data-field-id=\"9\"><label class=\"wpforms-field-label\" for=\"wpforms-460-field_9\">DI\u010c<\/label><input type=\"text\" id=\"wpforms-460-field_9\" class=\"wpforms-field-large\" name=\"wpforms[fields][9]\" aria-errormessage=\"wpforms-460-field_9-error\" ><\/div><div id=\"wpforms-460-field_22-container\" class=\"wpforms-field wpforms-field-text\" data-field-id=\"22\"><label class=\"wpforms-field-label\" for=\"wpforms-460-field_22\">Sou\u010dasn\u00e9 www str\u00e1nky.<\/label><input type=\"text\" id=\"wpforms-460-field_22\" class=\"wpforms-field-large\" name=\"wpforms[fields][22]\" aria-errormessage=\"wpforms-460-field_22-error\" ><\/div><div id=\"wpforms-460-field_15-container\" class=\"wpforms-field wpforms-field-html\" data-field-id=\"15\"><div id=\"wpforms-460-field_15\" aria-errormessage=\"wpforms-460-field_15-error\"><p style=\"text-align: center;\"><strong>II. P\u0158EDM\u011aT<\/strong><\/p>\r\n<p>2.1 Klient u Dodavatele objedn\u00e1v\u00e1 slu\u017eby popsan\u00e9 prost\u0159ednictv\u00edm p\u00edsemn\u00e9 elektronick\u00e9 komunikace.<\/p><\/div><\/div><div id=\"wpforms-460-field_19-container\" class=\"wpforms-field wpforms-field-html\" data-field-id=\"19\"><div id=\"wpforms-460-field_19\" aria-errormessage=\"wpforms-460-field_19-error\"><p style=\"text-align: center;\"><strong>III. Z\u00c1V\u011aRE\u010cN\u00c1 USTANOVEN\u00cd<\/strong><\/p>\r\n<p>&nbsp;<\/p>\r\n<p>3.1 Ob\u011b strany stvrzuj\u00ed, \u017ee s\u00a0dohodou takto souhlas\u00ed.<\/p>\r\n<p>&nbsp;<\/p><\/div><\/div><div id=\"wpforms-460-field_16-container\" class=\"wpforms-field wpforms-field-text wpforms-one-half wpforms-one-fourth wpforms-first\" data-field-id=\"16\"><label class=\"wpforms-field-label\" for=\"wpforms-460-field_16\">M\u011bsto <span class=\"wpforms-required-label\" aria-hidden=\"true\">*<\/span><\/label><input type=\"text\" id=\"wpforms-460-field_16\" class=\"wpforms-field-large wpforms-field-required\" name=\"wpforms[fields][16]\" aria-errormessage=\"wpforms-460-field_16-error\" required><\/div><div id=\"wpforms-460-field_17-container\" class=\"wpforms-field wpforms-field-text wpforms-one-half wpforms-one-fourth\" data-field-id=\"17\"><label class=\"wpforms-field-label\" for=\"wpforms-460-field_17\">Dne <span class=\"wpforms-required-label\" aria-hidden=\"true\">*<\/span><\/label><input type=\"text\" id=\"wpforms-460-field_17\" class=\"wpforms-field-large wpforms-field-required\" name=\"wpforms[fields][17]\" aria-errormessage=\"wpforms-460-field_17-error\" required><\/div><div id=\"wpforms-460-field_18-container\" class=\"wpforms-field wpforms-field-signature wpforms-one-half wpforms-first\" data-field-id=\"18\"><label class=\"wpforms-field-label\" for=\"wpforms-460-field_18\">Podpis (my\u0161\u00ed) <span class=\"wpforms-required-label\" aria-hidden=\"true\">*<\/span><\/label><input type=\"text\" id=\"wpforms-460-field_18\" class=\"wpforms-signature-input wpforms-screen-reader-element wpforms-field-required\" data-is-wrapped-field=\"1\" name=\"wpforms[fields][18]\" autocomplete=\"off\" aria-errormessage=\"wpforms-460-field_18-error\" aria-describedby=\"wpforms-460-field_18-description\" required><div class=\"wpforms-signature-wrap wpforms-field-large\"><canvas class=\"wpforms-signature-canvas\" id=\"wpforms-460-field_18-signature\" data-color=\"#000000\"><\/canvas><button class=\"wpforms-signature-clear\" title=\"Clear Signature\">Clear Signature<\/button><\/div><div id=\"wpforms-460-field_18-description\" class=\"wpforms-field-description\">My\u0161\u00ed se podepi\u0161te do r\u00e1me\u010dku.<\/div><\/div><div id=\"wpforms-460-field_20-container\" class=\"wpforms-field wpforms-field-html wpforms-one-half wpforms-first\" data-field-id=\"20\"><div id=\"wpforms-460-field_20\" aria-errormessage=\"wpforms-460-field_20-error\"><p style=\"text-align: center;\"><strong>Odb\u011bratel<\/strong><\/p><\/div><\/div><div id=\"wpforms-460-field_21-container\" class=\"wpforms-field wpforms-field-html wpforms-one-half\" data-field-id=\"21\"><div id=\"wpforms-460-field_21\" aria-errormessage=\"wpforms-460-field_21-error\"><p style=\"text-align: center;\"><strong>Dodavatel<\/strong><\/p><\/div><\/div><\/div><!-- .wpforms-field-container --><div class=\"wpforms-submit-container\" ><input type=\"hidden\" name=\"wpforms[id]\" value=\"460\"><input type=\"hidden\" name=\"wpforms[author]\" value=\"1\"><button type=\"submit\" name=\"wpforms[submit]\" id=\"wpforms-submit-460\" class=\"wpforms-submit\" data-alt-text=\"Odes\u00edl\u00e1ni...\" data-submit-text=\"Odeslat\" aria-live=\"assertive\" value=\"wpforms-submit\">Odeslat<\/button><img decoding=\"async\" src=\"https:\/\/www.hiseo.cz\/wp-content\/plugins\/wpforms\/assets\/images\/submit-spin.svg\" class=\"wpforms-submit-spinner\" style=\"display: none;\" width=\"26\" height=\"26\" alt=\"Loading\"><\/div><input type=\"hidden\" name=\"trp-form-language\" value=\"en\"\/><\/form><\/div>  <!-- .wpforms-container --><\/div>\n\t\t\t\t<\/div>\n\t\t\t\t<\/div>\n\t\t\t\t\t<\/div>\n\t\t\t\t<\/div>\n\t\t\t\t\t<\/div>\n\t\t\t\t<\/div>\n\t\t\t\t<\/div>","protected":false},"excerpt":{"rendered":"","protected":false},"author":1,"featured_media":0,"parent":0,"menu_order":0,"comment_status":"closed","ping_status":"closed","template":"","meta":{"footnotes":""},"class_list":["post-462","page","type-page","status-publish","hentry"],"yoast_head":"<!-- This site is optimized with the Yoast SEO Premium plugin v22.8 (Yoast SEO v22.8) - https:\/\/yoast.com\/wordpress\/plugins\/seo\/ -->\n<title>Dohoda - hiSEO.cz<\/title>\n<meta name=\"robots\" content=\"index, follow, max-snippet:-1, max-image-preview:large, max-video-preview:-1\" \/>\n<link rel=\"canonical\" href=\"https:\/\/www.hiseo.cz\/en\/dohoda\/\" \/>\n<meta property=\"og:locale\" content=\"en_GB\" \/>\n<meta property=\"og:type\" content=\"article\" \/>\n<meta property=\"og:title\" content=\"Dohoda\" \/>\n<meta property=\"og:url\" content=\"https:\/\/www.hiseo.cz\/en\/dohoda\/\" \/>\n<meta property=\"og:site_name\" content=\"hiSEO.cz\" \/>\n<meta property=\"article:modified_time\" content=\"2023-11-16T00:43:27+00:00\" \/>\n<meta name=\"twitter:card\" content=\"summary_large_image\" \/>\n<script type=\"application\/ld+json\" class=\"yoast-schema-graph\">{\"@context\":\"https:\/\/schema.org\",\"@graph\":[{\"@type\":\"WebPage\",\"@id\":\"https:\/\/www.hiseo.cz\/dohoda\/\",\"url\":\"https:\/\/www.hiseo.cz\/dohoda\/\",\"name\":\"Dohoda - hiSEO.cz\",\"isPartOf\":{\"@id\":\"https:\/\/www.hiseo.cz\/#website\"},\"datePublished\":\"2023-11-15T15:54:30+00:00\",\"dateModified\":\"2023-11-16T00:43:27+00:00\",\"breadcrumb\":{\"@id\":\"https:\/\/www.hiseo.cz\/dohoda\/#breadcrumb\"},\"inLanguage\":\"en-GB\",\"potentialAction\":[{\"@type\":\"ReadAction\",\"target\":[\"https:\/\/www.hiseo.cz\/dohoda\/\"]}]},{\"@type\":\"BreadcrumbList\",\"@id\":\"https:\/\/www.hiseo.cz\/dohoda\/#breadcrumb\",\"itemListElement\":[{\"@type\":\"ListItem\",\"position\":1,\"name\":\"Home\",\"item\":\"https:\/\/www.hiseo.cz\/\"},{\"@type\":\"ListItem\",\"position\":2,\"name\":\"Dohoda\"}]},{\"@type\":\"WebSite\",\"@id\":\"https:\/\/www.hiseo.cz\/#website\",\"url\":\"https:\/\/www.hiseo.cz\/\",\"name\":\"hiSEO.cz\",\"description\":\"Tvorba pr\u00e9miov\u00fdch web\u016f a grafiky | hi SEO, s.r.o.\",\"publisher\":{\"@id\":\"https:\/\/www.hiseo.cz\/#organization\"},\"alternateName\":\"Tvorba pr\u00e9miov\u00fdch web\u016f a grafiky\",\"potentialAction\":[{\"@type\":\"SearchAction\",\"target\":{\"@type\":\"EntryPoint\",\"urlTemplate\":\"https:\/\/www.hiseo.cz\/?s={search_term_string}\"},\"query-input\":\"required name=search_term_string\"}],\"inLanguage\":\"en-GB\"},{\"@type\":\"Organization\",\"@id\":\"https:\/\/www.hiseo.cz\/#organization\",\"name\":\"hiSEO.cz\",\"url\":\"https:\/\/www.hiseo.cz\/\",\"logo\":{\"@type\":\"ImageObject\",\"inLanguage\":\"en-GB\",\"@id\":\"https:\/\/www.hiseo.cz\/#\/schema\/logo\/image\/\",\"url\":\"https:\/\/www.hiseo.cz\/wp-content\/uploads\/2023\/10\/Logo-hiSEO-male--e1697841295529.png\",\"contentUrl\":\"https:\/\/www.hiseo.cz\/wp-content\/uploads\/2023\/10\/Logo-hiSEO-male--e1697841295529.png\",\"width\":352,\"height\":89,\"caption\":\"hiSEO.cz\"},\"image\":{\"@id\":\"https:\/\/www.hiseo.cz\/#\/schema\/logo\/image\/\"}}]}<\/script>\n<!-- \/ Yoast SEO Premium plugin. -->","yoast_head_json":{"title":"Dohoda - hiSEO.cz","robots":{"index":"index","follow":"follow","max-snippet":"max-snippet:-1","max-image-preview":"max-image-preview:large","max-video-preview":"max-video-preview:-1"},"canonical":"https:\/\/www.hiseo.cz\/en\/dohoda\/","og_locale":"en_GB","og_type":"article","og_title":"Dohoda","og_url":"https:\/\/www.hiseo.cz\/en\/dohoda\/","og_site_name":"hiSEO.cz","article_modified_time":"2023-11-16T00:43:27+00:00","twitter_card":"summary_large_image","schema":{"@context":"https:\/\/schema.org","@graph":[{"@type":"WebPage","@id":"https:\/\/www.hiseo.cz\/dohoda\/","url":"https:\/\/www.hiseo.cz\/dohoda\/","name":"Dohoda - hiSEO.cz","isPartOf":{"@id":"https:\/\/www.hiseo.cz\/#website"},"datePublished":"2023-11-15T15:54:30+00:00","dateModified":"2023-11-16T00:43:27+00:00","breadcrumb":{"@id":"https:\/\/www.hiseo.cz\/dohoda\/#breadcrumb"},"inLanguage":"en-GB","potentialAction":[{"@type":"ReadAction","target":["https:\/\/www.hiseo.cz\/dohoda\/"]}]},{"@type":"BreadcrumbList","@id":"https:\/\/www.hiseo.cz\/dohoda\/#breadcrumb","itemListElement":[{"@type":"ListItem","position":1,"name":"Home","item":"https:\/\/www.hiseo.cz\/"},{"@type":"ListItem","position":2,"name":"Dohoda"}]},{"@type":"WebSite","@id":"https:\/\/www.hiseo.cz\/#website","url":"https:\/\/www.hiseo.cz\/","name":"hiSEO.cz","description":"Tvorba pr\u00e9miov\u00fdch web\u016f a grafiky | hi SEO, s.r.o.","publisher":{"@id":"https:\/\/www.hiseo.cz\/#organization"},"alternateName":"Tvorba pr\u00e9miov\u00fdch web\u016f a grafiky","potentialAction":[{"@type":"SearchAction","target":{"@type":"EntryPoint","urlTemplate":"https:\/\/www.hiseo.cz\/?s={search_term_string}"},"query-input":"required name=search_term_string"}],"inLanguage":"en-GB"},{"@type":"Organization","@id":"https:\/\/www.hiseo.cz\/#organization","name":"hiSEO.cz","url":"https:\/\/www.hiseo.cz\/","logo":{"@type":"ImageObject","inLanguage":"en-GB","@id":"https:\/\/www.hiseo.cz\/#\/schema\/logo\/image\/","url":"https:\/\/www.hiseo.cz\/wp-content\/uploads\/2023\/10\/Logo-hiSEO-male--e1697841295529.png","contentUrl":"https:\/\/www.hiseo.cz\/wp-content\/uploads\/2023\/10\/Logo-hiSEO-male--e1697841295529.png","width":352,"height":89,"caption":"hiSEO.cz"},"image":{"@id":"https:\/\/www.hiseo.cz\/#\/schema\/logo\/image\/"}}]}},"_links":{"self":[{"href":"https:\/\/www.hiseo.cz\/en\/wp-json\/wp\/v2\/pages\/462","targetHints":{"allow":["GET"]}}],"collection":[{"href":"https:\/\/www.hiseo.cz\/en\/wp-json\/wp\/v2\/pages"}],"about":[{"href":"https:\/\/www.hiseo.cz\/en\/wp-json\/wp\/v2\/types\/page"}],"author":[{"embeddable":true,"href":"https:\/\/www.hiseo.cz\/en\/wp-json\/wp\/v2\/users\/1"}],"replies":[{"embeddable":true,"href":"https:\/\/www.hiseo.cz\/en\/wp-json\/wp\/v2\/comments?post=462"}],"version-history":[{"count":0,"href":"https:\/\/www.hiseo.cz\/en\/wp-json\/wp\/v2\/pages\/462\/revisions"}],"wp:attachment":[{"href":"https:\/\/www.hiseo.cz\/en\/wp-json\/wp\/v2\/media?parent=462"}],"curies":[{"name":"wp","href":"https:\/\/api.w.org\/{rel}","templated":true}]}}