{"id":582,"date":"2023-12-14T01:42:31","date_gmt":"2023-12-14T00:42:31","guid":{"rendered":"https:\/\/www.hiseo.cz\/?page_id=582"},"modified":"2023-12-14T01:54:59","modified_gmt":"2023-12-14T00:54:59","slug":"mini-kurz","status":"publish","type":"page","link":"https:\/\/www.hiseo.cz\/en\/mini-kurz\/","title":{"rendered":"Mini kurz"},"content":{"rendered":"<div data-elementor-type=\"wp-page\" data-elementor-id=\"582\" class=\"elementor elementor-582\" data-elementor-post-type=\"page\">\n\t\t\t\t<div class=\"elementor-element elementor-element-c8d8f86 e-flex e-con-boxed e-con e-parent\" data-id=\"c8d8f86\" data-element_type=\"container\">\n\t\t\t\t\t<div class=\"e-con-inner\">\n\t\t<div class=\"elementor-element elementor-element-35ed30d e-flex e-con-boxed e-con e-child\" data-id=\"35ed30d\" data-element_type=\"container\" data-settings=\"{&quot;background_background&quot;:&quot;classic&quot;}\">\n\t\t\t\t\t<div class=\"e-con-inner\">\n\t\t\t\t<div class=\"elementor-element elementor-element-1c73883 e-tabs-view-vertical elementor-layout-end elementor-widget elementor-widget-video-playlist\" data-id=\"1c73883\" data-element_type=\"widget\" data-settings=\"{&quot;playlist_title&quot;:&quot;Mini kurz&quot;,&quot;tabs&quot;:[{&quot;_id&quot;:&quot;f5727ef&quot;,&quot;vimeo_url&quot;:null,&quot;title&quot;:&quot;P\\u0159ihl\\u00e1\\u0161en\\u00ed + sezn\\u00e1men\\u00ed&quot;,&quot;type&quot;:&quot;hosted&quot;,&quot;hosted_url&quot;:{&quot;url&quot;:&quot;https:\\\/\\\/www.hiseo.cz\\\/wp-content\\\/uploads\\\/2023\\\/12\\\/Zaznam-obrazovky-2021-08-02-v-17-27-02.mp4&quot;,&quot;id&quot;:588,&quot;size&quot;:&quot;&quot;,&quot;alt&quot;:&quot;&quot;,&quot;source&quot;:&quot;library&quot;},&quot;duration&quot;:&quot;2:44&quot;,&quot;youtube_url&quot;:null,&quot;is_external_url&quot;:&quot;&quot;,&quot;external_url&quot;:null,&quot;section_html_tag&quot;:null,&quot;video_html_tag&quot;:&quot;h4&quot;,&quot;thumbnail&quot;:{&quot;url&quot;:&quot;https:\\\/\\\/www.hiseo.cz\\\/wp-content\\\/plugins\\\/elementor\\\/assets\\\/images\\\/placeholder.png&quot;,&quot;id&quot;:&quot;&quot;,&quot;size&quot;:&quot;&quot;},&quot;inner_tab_is_content_visible&quot;:&quot;&quot;,&quot;inner_tab_content_1&quot;:null,&quot;inner_tab_content_2&quot;:null},{&quot;vimeo_url&quot;:null,&quot;title&quot;:&quot;P\\u0159\\u00edsp\\u011bvky&quot;,&quot;type&quot;:&quot;hosted&quot;,&quot;hosted_url&quot;:{&quot;url&quot;:&quot;https:\\\/\\\/www.hiseo.cz\\\/wp-content\\\/uploads\\\/2023\\\/12\\\/Prispevky.mp4&quot;,&quot;id&quot;:587,&quot;size&quot;:&quot;&quot;,&quot;alt&quot;:&quot;&quot;,&quot;source&quot;:&quot;library&quot;},&quot;duration&quot;:&quot;5:14&quot;,&quot;_id&quot;:&quot;a07ca07&quot;,&quot;youtube_url&quot;:null,&quot;is_external_url&quot;:&quot;&quot;,&quot;external_url&quot;:null,&quot;section_html_tag&quot;:null,&quot;video_html_tag&quot;:&quot;h4&quot;,&quot;thumbnail&quot;:{&quot;url&quot;:&quot;https:\\\/\\\/www.hiseo.cz\\\/wp-content\\\/plugins\\\/elementor\\\/assets\\\/images\\\/placeholder.png&quot;,&quot;id&quot;:&quot;&quot;,&quot;size&quot;:&quot;&quot;},&quot;inner_tab_is_content_visible&quot;:&quot;&quot;,&quot;inner_tab_content_1&quot;:null,&quot;inner_tab_content_2&quot;:null},{&quot;vimeo_url&quot;:null,&quot;title&quot;:&quot;Jak upravit str\\u00e1nku&quot;,&quot;type&quot;:&quot;hosted&quot;,&quot;hosted_url&quot;:{&quot;url&quot;:&quot;https:\\\/\\\/www.hiseo.cz\\\/wp-content\\\/uploads\\\/2023\\\/12\\\/Jak-upravit-stranku.mp4&quot;,&quot;id&quot;:586,&quot;size&quot;:&quot;&quot;,&quot;alt&quot;:&quot;&quot;,&quot;source&quot;:&quot;library&quot;},&quot;duration&quot;:&quot;10:31&quot;,&quot;_id&quot;:&quot;8f427ff&quot;,&quot;youtube_url&quot;:null,&quot;is_external_url&quot;:&quot;&quot;,&quot;external_url&quot;:null,&quot;section_html_tag&quot;:null,&quot;video_html_tag&quot;:&quot;h4&quot;,&quot;thumbnail&quot;:{&quot;url&quot;:&quot;https:\\\/\\\/www.hiseo.cz\\\/wp-content\\\/plugins\\\/elementor\\\/assets\\\/images\\\/placeholder.png&quot;,&quot;id&quot;:&quot;&quot;,&quot;size&quot;:&quot;&quot;},&quot;inner_tab_is_content_visible&quot;:&quot;&quot;,&quot;inner_tab_content_1&quot;:null,&quot;inner_tab_content_2&quot;:null},{&quot;_id&quot;:&quot;8fa42fa&quot;,&quot;vimeo_url&quot;:null,&quot;title&quot;:&quot;Vytvo\\u0159it novou str\\u00e1nku&quot;,&quot;type&quot;:&quot;hosted&quot;,&quot;hosted_url&quot;:{&quot;url&quot;:&quot;https:\\\/\\\/www.hiseo.cz\\\/wp-content\\\/uploads\\\/2023\\\/12\\\/Jak-vytvorit-novou-stranku.mp4&quot;,&quot;id&quot;:584,&quot;size&quot;:&quot;&quot;,&quot;alt&quot;:&quot;&quot;,&quot;source&quot;:&quot;library&quot;},&quot;duration&quot;:&quot;6:08&quot;,&quot;youtube_url&quot;:null,&quot;is_external_url&quot;:&quot;&quot;,&quot;external_url&quot;:null,&quot;section_html_tag&quot;:null,&quot;video_html_tag&quot;:&quot;h4&quot;,&quot;thumbnail&quot;:{&quot;url&quot;:&quot;https:\\\/\\\/www.hiseo.cz\\\/wp-content\\\/plugins\\\/elementor\\\/assets\\\/images\\\/placeholder.png&quot;,&quot;id&quot;:&quot;&quot;,&quot;size&quot;:&quot;&quot;},&quot;inner_tab_is_content_visible&quot;:&quot;&quot;,&quot;inner_tab_content_1&quot;:null,&quot;inner_tab_content_2&quot;:null}],&quot;inner_tab_title_1&quot;:&quot;Tab #1&quot;,&quot;inner_tab_title_2&quot;:&quot;Tab #2&quot;}\" data-widget_type=\"video-playlist.default\">\n\t\t\t\t<div class=\"elementor-widget-container\">\n\t\t\t\n\t\t<div class=\"e-tabs\">\n\t\t\t<div class=\"e-tabs-main-area\">\n\t\t\t\t<div class=\"e-tabs-wrapper\">\n\t\t\t\t\t<div class=\"e-tabs-header\">\n\t\t\t\t\t\t<h2 class=\"e-tabs-title\">Mini kurz<\/h2>\n\t\t\t\t\t\t<div class=\"e-tabs-header-right-side\">\n\t\t\t\t\t\t\t\t\t\t\t\t\t\t\t<span class=\"e-tabs-videos-count\">4 Videos<\/span>\n\t\t\t\t\t\t\t\t\t\t\t\t\t\t<svg aria-hidden=\"true\" class=\"e-tabs-toggle-videos-display-button rotate-down e-font-icon-svg e-eicon-caret-down\" viewbox=\"0 0 571.4 571.4\" xmlns=\"http:\/\/www.w3.org\/2000\/svg\"><path d=\"M571 393Q571 407 561 418L311 668Q300 679 286 679T261 668L11 418Q0 407 0 393T11 368 36 357H536Q550 357 561 368T571 393Z\"><\/path><\/svg>\t\t\t\t\t\t<\/div>\n\t\t\t\t\t<\/div>\n\t\t\t\t\t<div class=\"e-tabs-items-wrapper\">\n\t\t\t\t\t\t<div class=\"e-tabs-items\" role=\"tablist\">\n\t\t\t\t\t\t\t\t\t\t\t\t\t\t\t\t\t\t\t\t\t\t\t\t<div id=\"e-tab-title-2981\" class=\"e-tab-title e-tab-desktop-title\" aria-selected=\"true\" data-tab=\"1\" role=\"tab\" tabindex=\"0\" aria-controls=\"e-tab-content-2981\">\n\t\t\t\t\t\t\t\t\t\t\t\t\t\t\t\t\t\t\t\t\t<div class=\"e-tab-thumbnail\">\n\t\t\t\t\t\t\t\t\t\t\t\t\t\t\t\t\t\t\t\t\t\t\t\t\t<img decoding=\"async\" src=\"https:\/\/www.hiseo.cz\/wp-content\/plugins\/elementor\/assets\/images\/placeholder.png\" alt=\"P\u0159ihl\u00e1\u0161en\u00ed + sezn\u00e1men\u00ed\" loading=\"lazy\" \/>\n\t\t\t\t\t\t\t\t\t\t\t\t\t\t\t\t\t\t\t\t\t\t\t\t<span class=\"icon-play\"><svg aria-hidden=\"true\" class=\"e-font-icon-svg e-fas-play-circle\" viewbox=\"0 0 512 512\" xmlns=\"http:\/\/www.w3.org\/2000\/svg\"><path d=\"M256 8C119 8 8 119 8 256s111 248 248 248 248-111 248-248S393 8 256 8zm115.7 272l-176 101c-15.8 8.8-35.7-2.5-35.7-21V152c0-18.4 19.8-29.8 35.7-21l176 107c16.4 9.2 16.4 32.9 0 42z\"><\/path><\/svg><\/span>\n\t\t\t\t\t\t\t\t\t\t\t\t<span class=\"icon-watched\"><svg aria-hidden=\"true\" class=\"e-font-icon-svg e-fas-check-circle\" viewbox=\"0 0 512 512\" xmlns=\"http:\/\/www.w3.org\/2000\/svg\"><path d=\"M504 256c0 136.967-111.033 248-248 248S8 392.967 8 256 119.033 8 256 8s248 111.033 248 248zM227.314 387.314l184-184c6.248-6.248 6.248-16.379 0-22.627l-22.627-22.627c-6.248-6.249-16.379-6.249-22.628 0L216 308.118l-70.059-70.059c-6.248-6.248-16.379-6.248-22.628 0l-22.627 22.627c-6.248 6.248-6.248 16.379 0 22.627l104 104c6.249 6.249 16.379 6.249 22.628.001z\"><\/path><\/svg><\/span>\n\t\t\t\t\t\t\t\t\t\t\t<\/div>\n\t\t\t\t\t\t\t\t\t\t\t\t\t\t\t\t\t\t\t\t<h4 class=\"e-tab-title-text\">\n\t\t\t\t\t\t\t\t\t\t\t<a tabindex=\"0\">P\u0159ihl\u00e1\u0161en\u00ed + sezn\u00e1men\u00ed<\/a>\n\t\t\t\t\t\t\t\t\t\t<\/h4>\n\t\t\t\t\t\t\t\t\t\t\t\t\t\t\t\t\t\t\t\t\t<span class=\"e-tab-duration\">2:44<\/span>\n\t\t\t\t\t\t\t\t\t\t\t\t\t\t\t\t\t\t\t<\/div>\n\t\t\t\t\t\t\t\t\t\t\t\t\t\t\t\t\t\t\t\t\t\t\t\t\t\t\t\t\t\t\t\t<div id=\"e-tab-title-2982\" class=\"e-tab-title e-tab-desktop-title\" aria-selected=\"false\" data-tab=\"2\" role=\"tab\" tabindex=\"-1\" aria-controls=\"e-tab-content-2982\">\n\t\t\t\t\t\t\t\t\t\t\t\t\t\t\t\t\t\t\t\t\t<div class=\"e-tab-thumbnail\">\n\t\t\t\t\t\t\t\t\t\t\t\t\t\t\t\t\t\t\t\t\t\t\t\t\t<img decoding=\"async\" src=\"https:\/\/www.hiseo.cz\/wp-content\/plugins\/elementor\/assets\/images\/placeholder.png\" alt=\"P\u0159\u00edsp\u011bvky\" loading=\"lazy\" \/>\n\t\t\t\t\t\t\t\t\t\t\t\t\t\t\t\t\t\t\t\t\t\t\t\t<span class=\"icon-play\"><svg aria-hidden=\"true\" class=\"e-font-icon-svg e-fas-play-circle\" viewbox=\"0 0 512 512\" xmlns=\"http:\/\/www.w3.org\/2000\/svg\"><path d=\"M256 8C119 8 8 119 8 256s111 248 248 248 248-111 248-248S393 8 256 8zm115.7 272l-176 101c-15.8 8.8-35.7-2.5-35.7-21V152c0-18.4 19.8-29.8 35.7-21l176 107c16.4 9.2 16.4 32.9 0 42z\"><\/path><\/svg><\/span>\n\t\t\t\t\t\t\t\t\t\t\t\t<span class=\"icon-watched\"><svg aria-hidden=\"true\" class=\"e-font-icon-svg e-fas-check-circle\" viewbox=\"0 0 512 512\" xmlns=\"http:\/\/www.w3.org\/2000\/svg\"><path d=\"M504 256c0 136.967-111.033 248-248 248S8 392.967 8 256 119.033 8 256 8s248 111.033 248 248zM227.314 387.314l184-184c6.248-6.248 6.248-16.379 0-22.627l-22.627-22.627c-6.248-6.249-16.379-6.249-22.628 0L216 308.118l-70.059-70.059c-6.248-6.248-16.379-6.248-22.628 0l-22.627 22.627c-6.248 6.248-6.248 16.379 0 22.627l104 104c6.249 6.249 16.379 6.249 22.628.001z\"><\/path><\/svg><\/span>\n\t\t\t\t\t\t\t\t\t\t\t<\/div>\n\t\t\t\t\t\t\t\t\t\t\t\t\t\t\t\t\t\t\t\t<h4 class=\"e-tab-title-text\">\n\t\t\t\t\t\t\t\t\t\t\t<a tabindex=\"0\">P\u0159\u00edsp\u011bvky<\/a>\n\t\t\t\t\t\t\t\t\t\t<\/h4>\n\t\t\t\t\t\t\t\t\t\t\t\t\t\t\t\t\t\t\t\t\t<span class=\"e-tab-duration\">5:14<\/span>\n\t\t\t\t\t\t\t\t\t\t\t\t\t\t\t\t\t\t\t<\/div>\n\t\t\t\t\t\t\t\t\t\t\t\t\t\t\t\t\t\t\t\t\t\t\t\t\t\t\t\t\t\t\t\t<div id=\"e-tab-title-2983\" class=\"e-tab-title e-tab-desktop-title\" aria-selected=\"false\" data-tab=\"3\" role=\"tab\" tabindex=\"-1\" aria-controls=\"e-tab-content-2983\">\n\t\t\t\t\t\t\t\t\t\t\t\t\t\t\t\t\t\t\t\t\t<div class=\"e-tab-thumbnail\">\n\t\t\t\t\t\t\t\t\t\t\t\t\t\t\t\t\t\t\t\t\t\t\t\t\t<img decoding=\"async\" src=\"https:\/\/www.hiseo.cz\/wp-content\/plugins\/elementor\/assets\/images\/placeholder.png\" alt=\"Jak upravit str\u00e1nku\" loading=\"lazy\" \/>\n\t\t\t\t\t\t\t\t\t\t\t\t\t\t\t\t\t\t\t\t\t\t\t\t<span class=\"icon-play\"><svg aria-hidden=\"true\" class=\"e-font-icon-svg e-fas-play-circle\" viewbox=\"0 0 512 512\" xmlns=\"http:\/\/www.w3.org\/2000\/svg\"><path d=\"M256 8C119 8 8 119 8 256s111 248 248 248 248-111 248-248S393 8 256 8zm115.7 272l-176 101c-15.8 8.8-35.7-2.5-35.7-21V152c0-18.4 19.8-29.8 35.7-21l176 107c16.4 9.2 16.4 32.9 0 42z\"><\/path><\/svg><\/span>\n\t\t\t\t\t\t\t\t\t\t\t\t<span class=\"icon-watched\"><svg aria-hidden=\"true\" class=\"e-font-icon-svg e-fas-check-circle\" viewbox=\"0 0 512 512\" xmlns=\"http:\/\/www.w3.org\/2000\/svg\"><path d=\"M504 256c0 136.967-111.033 248-248 248S8 392.967 8 256 119.033 8 256 8s248 111.033 248 248zM227.314 387.314l184-184c6.248-6.248 6.248-16.379 0-22.627l-22.627-22.627c-6.248-6.249-16.379-6.249-22.628 0L216 308.118l-70.059-70.059c-6.248-6.248-16.379-6.248-22.628 0l-22.627 22.627c-6.248 6.248-6.248 16.379 0 22.627l104 104c6.249 6.249 16.379 6.249 22.628.001z\"><\/path><\/svg><\/span>\n\t\t\t\t\t\t\t\t\t\t\t<\/div>\n\t\t\t\t\t\t\t\t\t\t\t\t\t\t\t\t\t\t\t\t<h4 class=\"e-tab-title-text\">\n\t\t\t\t\t\t\t\t\t\t\t<a tabindex=\"0\">Jak upravit str\u00e1nku<\/a>\n\t\t\t\t\t\t\t\t\t\t<\/h4>\n\t\t\t\t\t\t\t\t\t\t\t\t\t\t\t\t\t\t\t\t\t<span class=\"e-tab-duration\">10:31<\/span>\n\t\t\t\t\t\t\t\t\t\t\t\t\t\t\t\t\t\t\t<\/div>\n\t\t\t\t\t\t\t\t\t\t\t\t\t\t\t\t\t\t\t\t\t\t\t\t\t\t\t\t\t\t\t\t<div id=\"e-tab-title-2984\" class=\"e-tab-title e-tab-desktop-title\" aria-selected=\"false\" data-tab=\"4\" role=\"tab\" tabindex=\"-1\" aria-controls=\"e-tab-content-2984\">\n\t\t\t\t\t\t\t\t\t\t\t\t\t\t\t\t\t\t\t\t\t<div class=\"e-tab-thumbnail\">\n\t\t\t\t\t\t\t\t\t\t\t\t\t\t\t\t\t\t\t\t\t\t\t\t\t<img decoding=\"async\" src=\"https:\/\/www.hiseo.cz\/wp-content\/plugins\/elementor\/assets\/images\/placeholder.png\" alt=\"Vytvo\u0159it novou str\u00e1nku\" loading=\"lazy\" \/>\n\t\t\t\t\t\t\t\t\t\t\t\t\t\t\t\t\t\t\t\t\t\t\t\t<span class=\"icon-play\"><svg aria-hidden=\"true\" class=\"e-font-icon-svg e-fas-play-circle\" viewbox=\"0 0 512 512\" xmlns=\"http:\/\/www.w3.org\/2000\/svg\"><path d=\"M256 8C119 8 8 119 8 256s111 248 248 248 248-111 248-248S393 8 256 8zm115.7 272l-176 101c-15.8 8.8-35.7-2.5-35.7-21V152c0-18.4 19.8-29.8 35.7-21l176 107c16.4 9.2 16.4 32.9 0 42z\"><\/path><\/svg><\/span>\n\t\t\t\t\t\t\t\t\t\t\t\t<span class=\"icon-watched\"><svg aria-hidden=\"true\" class=\"e-font-icon-svg e-fas-check-circle\" viewbox=\"0 0 512 512\" xmlns=\"http:\/\/www.w3.org\/2000\/svg\"><path d=\"M504 256c0 136.967-111.033 248-248 248S8 392.967 8 256 119.033 8 256 8s248 111.033 248 248zM227.314 387.314l184-184c6.248-6.248 6.248-16.379 0-22.627l-22.627-22.627c-6.248-6.249-16.379-6.249-22.628 0L216 308.118l-70.059-70.059c-6.248-6.248-16.379-6.248-22.628 0l-22.627 22.627c-6.248 6.248-6.248 16.379 0 22.627l104 104c6.249 6.249 16.379 6.249 22.628.001z\"><\/path><\/svg><\/span>\n\t\t\t\t\t\t\t\t\t\t\t<\/div>\n\t\t\t\t\t\t\t\t\t\t\t\t\t\t\t\t\t\t\t\t<h4 class=\"e-tab-title-text\">\n\t\t\t\t\t\t\t\t\t\t\t<a tabindex=\"0\">Vytvo\u0159it novou str\u00e1nku<\/a>\n\t\t\t\t\t\t\t\t\t\t<\/h4>\n\t\t\t\t\t\t\t\t\t\t\t\t\t\t\t\t\t\t\t\t\t<span class=\"e-tab-duration\">6:08<\/span>\n\t\t\t\t\t\t\t\t\t\t\t\t\t\t\t\t\t\t\t<\/div>\n\t\t\t\t\t\t\t\t\t\t\t\t\t\t\t\t\t\t\t\t\t<\/div>\n\t\t\t\t\t\t<div class=\"shadow shadow-top\" aria-hidden=\"true\"><\/div>\n\t\t\t\t\t\t<div class=\"shadow shadow-bottom\" aria-hidden=\"true\"><\/div>\n\t\t\t\t\t<\/div>\n\t\t\t\t<\/div>\n\n\t\t\t\t<div class=\"e-tabs-content-wrapper\" role=\"tablist\" aria-orientation=\"vertical\">\n\t\t\t\t\t\t\t\t\t\t\t<div id=\"e-tab-content-2981\" class=\"e-tab-content elementor-clearfix\" data-tab=\"1\" role=\"tabpanel\" aria-labelledby=\"e-tab-title-2981\" tabindex=\"0\" data-video-url=\"https:\/\/www.hiseo.cz\/wp-content\/uploads\/2023\/12\/Zaznam-obrazovky-2021-08-02-v-17-27-02.mp4\" data-video-type=\"hosted\" data-video-title=\"P\u0159ihl\u00e1\u0161en\u00ed + sezn\u00e1men\u00ed\" data-video-duration=\"2:44\">\n\t\t\t\t\t\t\t<div><\/div>\n\t\t\t\t\t\t\t\t\t\t\t\t\t<\/div>\n\t\t\t\t\t\t\t\t\t\t\t<div id=\"e-tab-content-2982\" class=\"e-tab-content elementor-clearfix\" data-tab=\"2\" role=\"tabpanel\" aria-labelledby=\"e-tab-title-2982\" tabindex=\"0\" data-video-url=\"https:\/\/www.hiseo.cz\/wp-content\/uploads\/2023\/12\/Prispevky.mp4\" data-video-type=\"hosted\" data-video-title=\"P\u0159\u00edsp\u011bvky\" data-video-duration=\"5:14\" hidden=\"hidden\">\n\t\t\t\t\t\t\t<div><\/div>\n\t\t\t\t\t\t\t\t\t\t\t\t\t<\/div>\n\t\t\t\t\t\t\t\t\t\t\t<div id=\"e-tab-content-2983\" class=\"e-tab-content elementor-clearfix\" data-tab=\"3\" role=\"tabpanel\" aria-labelledby=\"e-tab-title-2983\" tabindex=\"0\" data-video-url=\"https:\/\/www.hiseo.cz\/wp-content\/uploads\/2023\/12\/Jak-upravit-stranku.mp4\" data-video-type=\"hosted\" data-video-title=\"Jak upravit str\u00e1nku\" data-video-duration=\"10:31\" hidden=\"hidden\">\n\t\t\t\t\t\t\t<div><\/div>\n\t\t\t\t\t\t\t\t\t\t\t\t\t<\/div>\n\t\t\t\t\t\t\t\t\t\t\t<div id=\"e-tab-content-2984\" class=\"e-tab-content elementor-clearfix\" data-tab=\"4\" role=\"tabpanel\" aria-labelledby=\"e-tab-title-2984\" tabindex=\"0\" data-video-url=\"https:\/\/www.hiseo.cz\/wp-content\/uploads\/2023\/12\/Jak-vytvorit-novou-stranku.mp4\" data-video-type=\"hosted\" data-video-title=\"Vytvo\u0159it novou str\u00e1nku\" data-video-duration=\"6:08\" hidden=\"hidden\">\n\t\t\t\t\t\t\t<div><\/div>\n\t\t\t\t\t\t\t\t\t\t\t\t\t<\/div>\n\t\t\t\t\t\t\t\t\t<\/div>\n\t\t\t<\/div>\n\n\t\t\t<div class=\"e-tabs-inner-tabs\" >\n\t\t\t\t\t\t\t\t\t\t\t\t\t\t\t\t\t\t\t\t\t\t\t\t\t\t\t\t\t\t\t\t\t\t\t\t\t\t\t\t\t\t\t<\/div>\n\t\t<\/div>\n\t\t\t\t<\/div>\n\t\t\t\t<\/div>\n\t\t\t\t\t<\/div>\n\t\t\t\t<\/div>\n\t\t\t\t\t<\/div>\n\t\t\t\t<\/div>\n\t\t\t\t<\/div>","protected":false},"excerpt":{"rendered":"<p>Mini kurz 4 Videos P\u0159ihl\u00e1\u0161en\u00ed + sezn\u00e1men\u00ed 2:44 P\u0159\u00edsp\u011bvky 5:14 Jak upravit str\u00e1nku 10:31 Vytvo\u0159it novou str\u00e1nku 6:08<\/p>","protected":false},"author":1,"featured_media":0,"parent":0,"menu_order":0,"comment_status":"closed","ping_status":"closed","template":"","meta":{"footnotes":""},"class_list":["post-582","page","type-page","status-publish","hentry"],"yoast_head":"<!-- This site is optimized with the Yoast SEO Premium plugin v22.8 (Yoast SEO v22.8) - https:\/\/yoast.com\/wordpress\/plugins\/seo\/ -->\n<title>Mini kurz - hiSEO.cz<\/title>\n<meta name=\"robots\" content=\"index, follow, max-snippet:-1, max-image-preview:large, max-video-preview:-1\" \/>\n<link rel=\"canonical\" href=\"https:\/\/www.hiseo.cz\/en\/mini-kurz\/\" \/>\n<meta property=\"og:locale\" content=\"en_GB\" \/>\n<meta property=\"og:type\" content=\"article\" \/>\n<meta property=\"og:title\" content=\"Mini kurz\" \/>\n<meta property=\"og:description\" content=\"Mini kurz 4 Videos P\u0159ihl\u00e1\u0161en\u00ed + sezn\u00e1men\u00ed 2:44 P\u0159\u00edsp\u011bvky 5:14 Jak upravit str\u00e1nku 10:31 Vytvo\u0159it novou str\u00e1nku 6:08\" \/>\n<meta property=\"og:url\" content=\"https:\/\/www.hiseo.cz\/en\/mini-kurz\/\" \/>\n<meta property=\"og:site_name\" content=\"hiSEO.cz\" \/>\n<meta property=\"article:modified_time\" content=\"2023-12-14T00:54:59+00:00\" \/>\n<meta property=\"og:image\" content=\"https:\/\/www.hiseo.cz\/wp-content\/plugins\/elementor\/assets\/images\/placeholder.png\" \/>\n<meta name=\"twitter:card\" content=\"summary_large_image\" \/>\n<meta name=\"twitter:label1\" content=\"Estimated reading time\" \/>\n\t<meta name=\"twitter:data1\" content=\"1 minute\" \/>\n<script type=\"application\/ld+json\" class=\"yoast-schema-graph\">{\"@context\":\"https:\/\/schema.org\",\"@graph\":[{\"@type\":\"WebPage\",\"@id\":\"https:\/\/www.hiseo.cz\/mini-kurz\/\",\"url\":\"https:\/\/www.hiseo.cz\/mini-kurz\/\",\"name\":\"Mini kurz - hiSEO.cz\",\"isPartOf\":{\"@id\":\"https:\/\/www.hiseo.cz\/#website\"},\"primaryImageOfPage\":{\"@id\":\"https:\/\/www.hiseo.cz\/mini-kurz\/#primaryimage\"},\"image\":{\"@id\":\"https:\/\/www.hiseo.cz\/mini-kurz\/#primaryimage\"},\"thumbnailUrl\":\"https:\/\/www.hiseo.cz\/wp-content\/plugins\/elementor\/assets\/images\/placeholder.png\",\"datePublished\":\"2023-12-14T00:42:31+00:00\",\"dateModified\":\"2023-12-14T00:54:59+00:00\",\"breadcrumb\":{\"@id\":\"https:\/\/www.hiseo.cz\/mini-kurz\/#breadcrumb\"},\"inLanguage\":\"en-GB\",\"potentialAction\":[{\"@type\":\"ReadAction\",\"target\":[\"https:\/\/www.hiseo.cz\/mini-kurz\/\"]}]},{\"@type\":\"ImageObject\",\"inLanguage\":\"en-GB\",\"@id\":\"https:\/\/www.hiseo.cz\/mini-kurz\/#primaryimage\",\"url\":\"https:\/\/www.hiseo.cz\/wp-content\/plugins\/elementor\/assets\/images\/placeholder.png\",\"contentUrl\":\"https:\/\/www.hiseo.cz\/wp-content\/plugins\/elementor\/assets\/images\/placeholder.png\"},{\"@type\":\"BreadcrumbList\",\"@id\":\"https:\/\/www.hiseo.cz\/mini-kurz\/#breadcrumb\",\"itemListElement\":[{\"@type\":\"ListItem\",\"position\":1,\"name\":\"Home\",\"item\":\"https:\/\/www.hiseo.cz\/\"},{\"@type\":\"ListItem\",\"position\":2,\"name\":\"Mini kurz\"}]},{\"@type\":\"WebSite\",\"@id\":\"https:\/\/www.hiseo.cz\/#website\",\"url\":\"https:\/\/www.hiseo.cz\/\",\"name\":\"hiSEO.cz\",\"description\":\"Tvorba pr\u00e9miov\u00fdch web\u016f a grafiky | hi SEO, s.r.o.\",\"publisher\":{\"@id\":\"https:\/\/www.hiseo.cz\/#organization\"},\"alternateName\":\"Tvorba pr\u00e9miov\u00fdch web\u016f a grafiky\",\"potentialAction\":[{\"@type\":\"SearchAction\",\"target\":{\"@type\":\"EntryPoint\",\"urlTemplate\":\"https:\/\/www.hiseo.cz\/?s={search_term_string}\"},\"query-input\":\"required name=search_term_string\"}],\"inLanguage\":\"en-GB\"},{\"@type\":\"Organization\",\"@id\":\"https:\/\/www.hiseo.cz\/#organization\",\"name\":\"hiSEO.cz\",\"url\":\"https:\/\/www.hiseo.cz\/\",\"logo\":{\"@type\":\"ImageObject\",\"inLanguage\":\"en-GB\",\"@id\":\"https:\/\/www.hiseo.cz\/#\/schema\/logo\/image\/\",\"url\":\"https:\/\/www.hiseo.cz\/wp-content\/uploads\/2023\/10\/Logo-hiSEO-male--e1697841295529.png\",\"contentUrl\":\"https:\/\/www.hiseo.cz\/wp-content\/uploads\/2023\/10\/Logo-hiSEO-male--e1697841295529.png\",\"width\":352,\"height\":89,\"caption\":\"hiSEO.cz\"},\"image\":{\"@id\":\"https:\/\/www.hiseo.cz\/#\/schema\/logo\/image\/\"}}]}<\/script>\n<!-- \/ Yoast SEO Premium plugin. -->","yoast_head_json":{"title":"Mini kurz - hiSEO.cz","robots":{"index":"index","follow":"follow","max-snippet":"max-snippet:-1","max-image-preview":"max-image-preview:large","max-video-preview":"max-video-preview:-1"},"canonical":"https:\/\/www.hiseo.cz\/en\/mini-kurz\/","og_locale":"en_GB","og_type":"article","og_title":"Mini kurz","og_description":"Mini kurz 4 Videos P\u0159ihl\u00e1\u0161en\u00ed + sezn\u00e1men\u00ed 2:44 P\u0159\u00edsp\u011bvky 5:14 Jak upravit str\u00e1nku 10:31 Vytvo\u0159it novou str\u00e1nku 6:08","og_url":"https:\/\/www.hiseo.cz\/en\/mini-kurz\/","og_site_name":"hiSEO.cz","article_modified_time":"2023-12-14T00:54:59+00:00","og_image":[{"url":"https:\/\/www.hiseo.cz\/wp-content\/plugins\/elementor\/assets\/images\/placeholder.png"}],"twitter_card":"summary_large_image","twitter_misc":{"Estimated reading time":"1 minute"},"schema":{"@context":"https:\/\/schema.org","@graph":[{"@type":"WebPage","@id":"https:\/\/www.hiseo.cz\/mini-kurz\/","url":"https:\/\/www.hiseo.cz\/mini-kurz\/","name":"Mini kurz - hiSEO.cz","isPartOf":{"@id":"https:\/\/www.hiseo.cz\/#website"},"primaryImageOfPage":{"@id":"https:\/\/www.hiseo.cz\/mini-kurz\/#primaryimage"},"image":{"@id":"https:\/\/www.hiseo.cz\/mini-kurz\/#primaryimage"},"thumbnailUrl":"https:\/\/www.hiseo.cz\/wp-content\/plugins\/elementor\/assets\/images\/placeholder.png","datePublished":"2023-12-14T00:42:31+00:00","dateModified":"2023-12-14T00:54:59+00:00","breadcrumb":{"@id":"https:\/\/www.hiseo.cz\/mini-kurz\/#breadcrumb"},"inLanguage":"en-GB","potentialAction":[{"@type":"ReadAction","target":["https:\/\/www.hiseo.cz\/mini-kurz\/"]}]},{"@type":"ImageObject","inLanguage":"en-GB","@id":"https:\/\/www.hiseo.cz\/mini-kurz\/#primaryimage","url":"https:\/\/www.hiseo.cz\/wp-content\/plugins\/elementor\/assets\/images\/placeholder.png","contentUrl":"https:\/\/www.hiseo.cz\/wp-content\/plugins\/elementor\/assets\/images\/placeholder.png"},{"@type":"BreadcrumbList","@id":"https:\/\/www.hiseo.cz\/mini-kurz\/#breadcrumb","itemListElement":[{"@type":"ListItem","position":1,"name":"Home","item":"https:\/\/www.hiseo.cz\/"},{"@type":"ListItem","position":2,"name":"Mini kurz"}]},{"@type":"WebSite","@id":"https:\/\/www.hiseo.cz\/#website","url":"https:\/\/www.hiseo.cz\/","name":"hiSEO.cz","description":"Tvorba pr\u00e9miov\u00fdch web\u016f a grafiky | hi SEO, s.r.o.","publisher":{"@id":"https:\/\/www.hiseo.cz\/#organization"},"alternateName":"Tvorba pr\u00e9miov\u00fdch web\u016f a grafiky","potentialAction":[{"@type":"SearchAction","target":{"@type":"EntryPoint","urlTemplate":"https:\/\/www.hiseo.cz\/?s={search_term_string}"},"query-input":"required name=search_term_string"}],"inLanguage":"en-GB"},{"@type":"Organization","@id":"https:\/\/www.hiseo.cz\/#organization","name":"hiSEO.cz","url":"https:\/\/www.hiseo.cz\/","logo":{"@type":"ImageObject","inLanguage":"en-GB","@id":"https:\/\/www.hiseo.cz\/#\/schema\/logo\/image\/","url":"https:\/\/www.hiseo.cz\/wp-content\/uploads\/2023\/10\/Logo-hiSEO-male--e1697841295529.png","contentUrl":"https:\/\/www.hiseo.cz\/wp-content\/uploads\/2023\/10\/Logo-hiSEO-male--e1697841295529.png","width":352,"height":89,"caption":"hiSEO.cz"},"image":{"@id":"https:\/\/www.hiseo.cz\/#\/schema\/logo\/image\/"}}]}},"_links":{"self":[{"href":"https:\/\/www.hiseo.cz\/en\/wp-json\/wp\/v2\/pages\/582","targetHints":{"allow":["GET"]}}],"collection":[{"href":"https:\/\/www.hiseo.cz\/en\/wp-json\/wp\/v2\/pages"}],"about":[{"href":"https:\/\/www.hiseo.cz\/en\/wp-json\/wp\/v2\/types\/page"}],"author":[{"embeddable":true,"href":"https:\/\/www.hiseo.cz\/en\/wp-json\/wp\/v2\/users\/1"}],"replies":[{"embeddable":true,"href":"https:\/\/www.hiseo.cz\/en\/wp-json\/wp\/v2\/comments?post=582"}],"version-history":[{"count":0,"href":"https:\/\/www.hiseo.cz\/en\/wp-json\/wp\/v2\/pages\/582\/revisions"}],"wp:attachment":[{"href":"https:\/\/www.hiseo.cz\/en\/wp-json\/wp\/v2\/media?parent=582"}],"curies":[{"name":"wp","href":"https:\/\/api.w.org\/{rel}","templated":true}]}}