{"id":647,"date":"2024-01-26T02:00:32","date_gmt":"2024-01-26T01:00:32","guid":{"rendered":"https:\/\/www.hiseo.cz\/muj-ucet\/"},"modified":"2024-06-08T02:09:44","modified_gmt":"2024-06-08T00:09:44","slug":"muj-ucet","status":"publish","type":"page","link":"https:\/\/www.hiseo.cz\/en\/muj-ucet\/","title":{"rendered":"M\u016fj \u00fa\u010det"},"content":{"rendered":"<div data-elementor-type=\"wp-page\" data-elementor-id=\"647\" class=\"elementor elementor-647\" data-elementor-post-type=\"page\">\n\t\t\t\t<div class=\"elementor-element elementor-element-e9ffd51 e-flex e-con-boxed e-con e-parent\" data-id=\"e9ffd51\" data-element_type=\"container\">\n\t\t\t\t\t<div class=\"e-con-inner\">\n\t\t<div class=\"elementor-element elementor-element-86a8a56 e-flex e-con-boxed e-con e-child\" data-id=\"86a8a56\" data-element_type=\"container\" data-settings=\"{&quot;background_background&quot;:&quot;classic&quot;}\">\n\t\t\t\t\t<div class=\"e-con-inner\">\n\t\t\t\t<div class=\"elementor-element elementor-element-0af4737 animated-fast elementor-invisible elementor-widget elementor-widget-heading\" data-id=\"0af4737\" data-element_type=\"widget\" data-settings=\"{&quot;_animation&quot;:&quot;slideInUp&quot;}\" data-widget_type=\"heading.default\">\n\t\t\t\t<div class=\"elementor-widget-container\">\n\t\t\t<h2 class=\"elementor-heading-title elementor-size-default\">M\u016eJ \u00da\u010cET <\/h2>\t\t<\/div>\n\t\t\t\t<\/div>\n\t\t\t\t<div class=\"elementor-element elementor-element-a29c73e e-my-account-tabs-horizontal animated-slow elementor-invisible elementor-widget elementor-widget-woocommerce-my-account\" data-id=\"a29c73e\" data-element_type=\"widget\" data-settings=\"{&quot;_animation&quot;:&quot;slideInUp&quot;}\" data-widget_type=\"woocommerce-my-account.default\">\n\t\t\t\t<div class=\"elementor-widget-container\">\n\t\t\t<div class=\"e-my-account-tab e-my-account-tab__\">\t\t\t<div class=\"woocommerce\"><div class=\"woocommerce-notices-wrapper\"><\/div>\n\n<div class=\"u-columns col2-set\" id=\"customer_login\">\n\n\t<div class=\"u-column1 col-1\">\n\n\n\t\t<h2 data-no-translation=\"\" data-trp-gettext=\"\">Login<\/h2>\n\n\t\t<form class=\"woocommerce-form woocommerce-form-login login\" method=\"post\" action=\"\">\n\n\t\t\t\n\t\t\t<p class=\"woocommerce-form-row woocommerce-form-row--wide form-row form-row-wide\">\n\t\t\t\t<label for=\"username\">Username or email address&nbsp;<span class=\"required\">*<\/span><\/label>\n\t\t\t\t<input type=\"text\" class=\"woocommerce-Input woocommerce-Input--text input-text\" name=\"username\" id=\"username\" autocomplete=\"username\" value=\"\" \/>\t\t\t<\/p>\n\t\t\t<p class=\"woocommerce-form-row woocommerce-form-row--wide form-row form-row-wide\">\n\t\t\t\t<label for=\"password\">Password&nbsp;<span class=\"required\">*<\/span><\/label>\n\t\t\t\t<input class=\"woocommerce-Input woocommerce-Input--text input-text\" type=\"password\" name=\"password\" id=\"password\" autocomplete=\"current-password\" \/>\n\t\t\t<\/p>\n\n\t\t\t\n\t\t\t<p class=\"form-row\">\n\t\t\t\t<label class=\"woocommerce-form__label woocommerce-form__label-for-checkbox woocommerce-form-login__rememberme\">\n\t\t\t\t\t<input class=\"woocommerce-form__input woocommerce-form__input-checkbox\" name=\"rememberme\" type=\"checkbox\" id=\"rememberme\" value=\"forever\" \/> <span data-no-translation=\"\" data-trp-gettext=\"\">Remember me<\/span>\n\t\t\t\t<\/label>\n\t\t\t\t<input type=\"hidden\" id=\"woocommerce-login-nonce\" name=\"woocommerce-login-nonce\" value=\"9c6f3d6d7e\" \/><input type=\"hidden\" name=\"_wp_http_referer\" value=\"\/en\/wp-json\/wp\/v2\/pages\/647\" \/>\t\t\t\t<button type=\"submit\" class=\"woocommerce-button button woocommerce-form-login__submit\" name=\"login\" value=\"Log in\" data-no-translation=\"\" data-trp-gettext=\"\" data-no-translation-value=\"\">Log in<\/button>\n\t\t\t<\/p>\n\t\t\t<p class=\"woocommerce-LostPassword lost_password\">\n\t\t\t\t<a href=\"https:\/\/www.hiseo.cz\/en\/muj-ucet\/lost-password\/\" data-no-translation=\"\" data-trp-gettext=\"\">Lost your password?<\/a>\n\t\t\t<\/p>\n\n\t\t\t\n\t\t<input type=\"hidden\" name=\"trp-form-language\" value=\"en\"\/><\/form>\n\n\n\t<\/div>\n\n\t<div class=\"u-column2 col-2\">\n\n\t\t<h2 data-no-translation=\"\" data-trp-gettext=\"\">Register<\/h2>\n\n\t\t<form method=\"post\" class=\"woocommerce-form woocommerce-form-register register\" action=\"\"  >\n\n\t\t\t\n\t\t\t\n\t\t\t<p class=\"woocommerce-form-row woocommerce-form-row--wide form-row form-row-wide\">\n\t\t\t\t<label for=\"reg_email\">Email address&nbsp;<span class=\"required\">*<\/span><\/label>\n\t\t\t\t<input type=\"email\" class=\"woocommerce-Input woocommerce-Input--text input-text\" name=\"email\" id=\"reg_email\" autocomplete=\"email\" value=\"\" \/>\t\t\t<\/p>\n\n\t\t\t\n\t\t\t\t<p class=\"woocommerce-form-row woocommerce-form-row--wide form-row form-row-wide\">\n\t\t\t\t\t<label for=\"reg_password\">Password&nbsp;<span class=\"required\">*<\/span><\/label>\n\t\t\t\t\t<input type=\"password\" class=\"woocommerce-Input woocommerce-Input--text input-text\" name=\"password\" id=\"reg_password\" autocomplete=\"new-password\" \/>\n\t\t\t\t<\/p>\n\n\t\t\t\n\t\t\t<wc-order-attribution-inputs><\/wc-order-attribution-inputs><div class=\"woocommerce-privacy-policy-text\"><p>Va\u0161e osobn\u00ed \u00fadaje budou pou\u017eity ke zv\u00fd\u0161en\u00ed spokojenosti po celou dobu proch\u00e1zen\u00ed tohoto webu, ke spr\u00e1v\u011b p\u0159\u00edstupu do va\u0161eho \u00fa\u010dtu a k dal\u0161\u00edm \u00fa\u010del\u016fm popsan\u00fdm na str\u00e1nce <a href=\"https:\/\/www.hiseo.cz\/en\/ochrana-osobnich-udaju\/\" class=\"woocommerce-privacy-policy-link\" target=\"_blank\" data-no-translation=\"\" data-trp-gettext=\"\">privacy policy<\/a>.<\/p>\n<\/div>\n\t\t\t<p class=\"woocommerce-form-row form-row\">\n\t\t\t\t<input type=\"hidden\" id=\"woocommerce-register-nonce\" name=\"woocommerce-register-nonce\" value=\"5c7d1e1ffd\" \/><input type=\"hidden\" name=\"_wp_http_referer\" value=\"\/en\/wp-json\/wp\/v2\/pages\/647\" \/>\t\t\t\t<button type=\"submit\" class=\"woocommerce-Button woocommerce-button button woocommerce-form-register__submit\" name=\"register\" value=\"Register\" data-no-translation=\"\" data-trp-gettext=\"\" data-no-translation-value=\"\">Register<\/button>\n\t\t\t<\/p>\n\n\t\t\t\n\t\t<input type=\"hidden\" name=\"trp-form-language\" value=\"en\"\/><\/form>\n\n\t<\/div>\n\n<\/div>\n\n<\/div>\t\t<\/div>\n\t\t\t\t<\/div>\n\t\t\t\t<\/div>\n\t\t\t\t\t<\/div>\n\t\t\t\t<\/div>\n\t\t\t\t\t<\/div>\n\t\t\t\t<\/div>\n\t\t\t\t<\/div>","protected":false},"excerpt":{"rendered":"<p>M\u016eJ \u00da\u010cET M\u016fj \u00fa\u010det Objedn\u00e1vky Adresy Detail \u00fa\u010dtu Odhl\u00e1sit M\u016fj \u00fa\u010det Objedn\u00e1vky Adresy Detail \u00fa\u010dtu Odhl\u00e1sit M\u016fj \u00fa\u010det Objedn\u00e1vky Adresy Detail \u00fa\u010dtu Odhl\u00e1sit M\u016fj \u00fa\u010det Objedn\u00e1vky Adresy Detail \u00fa\u010dtu Odhl\u00e1sit Dobr\u00fd den, hiseo (nejste hiseo? Odhl\u00e1sit se) Na n\u00e1st\u011bnce sv\u00e9ho u\u017eivatelsk\u00e9ho \u00fa\u010dtu si m\u016f\u017eete prohl\u00e9dnout sv\u00e9 ned\u00e1vn\u00e9 objedn\u00e1vky, upravit faktura\u010dn\u00ed a doru\u010dovac\u00ed adresy a zm\u011bnit [&hellip;]<\/p>","protected":false},"author":1,"featured_media":0,"parent":0,"menu_order":0,"comment_status":"closed","ping_status":"closed","template":"","meta":{"footnotes":""},"class_list":["post-647","page","type-page","status-publish","hentry"],"yoast_head":"<!-- This site is optimized with the Yoast SEO Premium plugin v22.8 (Yoast SEO v22.8) - https:\/\/yoast.com\/wordpress\/plugins\/seo\/ -->\n<title>M\u016fj \u00fa\u010det - hiSEO.cz<\/title>\n<meta name=\"robots\" content=\"index, follow, max-snippet:-1, max-image-preview:large, max-video-preview:-1\" \/>\n<link rel=\"canonical\" href=\"https:\/\/www.hiseo.cz\/en\/muj-ucet\/\" \/>\n<meta property=\"og:locale\" content=\"en_GB\" \/>\n<meta property=\"og:type\" content=\"article\" \/>\n<meta property=\"og:title\" content=\"M\u016fj \u00fa\u010det\" \/>\n<meta property=\"og:description\" content=\"M\u016eJ \u00da\u010cET M\u016fj \u00fa\u010det Objedn\u00e1vky Adresy Detail \u00fa\u010dtu Odhl\u00e1sit M\u016fj \u00fa\u010det Objedn\u00e1vky Adresy Detail \u00fa\u010dtu Odhl\u00e1sit M\u016fj \u00fa\u010det Objedn\u00e1vky Adresy Detail \u00fa\u010dtu Odhl\u00e1sit M\u016fj \u00fa\u010det Objedn\u00e1vky Adresy Detail \u00fa\u010dtu Odhl\u00e1sit Dobr\u00fd den, hiseo (nejste hiseo? Odhl\u00e1sit se) Na n\u00e1st\u011bnce sv\u00e9ho u\u017eivatelsk\u00e9ho \u00fa\u010dtu si m\u016f\u017eete prohl\u00e9dnout sv\u00e9 ned\u00e1vn\u00e9 objedn\u00e1vky, upravit faktura\u010dn\u00ed a doru\u010dovac\u00ed adresy a zm\u011bnit [&hellip;]\" \/>\n<meta property=\"og:url\" content=\"https:\/\/www.hiseo.cz\/en\/muj-ucet\/\" \/>\n<meta property=\"og:site_name\" content=\"hiSEO.cz\" \/>\n<meta property=\"article:modified_time\" content=\"2024-06-08T00:09:44+00:00\" \/>\n<meta property=\"og:image\" content=\"https:\/\/img.youtube.com\/vi\/XHOmBV4js_E\/maxresdefault.jpg\" \/>\n<meta name=\"twitter:card\" content=\"summary_large_image\" \/>\n<meta name=\"twitter:label1\" content=\"Estimated reading time\" \/>\n\t<meta name=\"twitter:data1\" content=\"3 minutes\" \/>\n<script type=\"application\/ld+json\" class=\"yoast-schema-graph\">{\"@context\":\"https:\/\/schema.org\",\"@graph\":[{\"@type\":\"WebPage\",\"@id\":\"https:\/\/www.hiseo.cz\/muj-ucet\/\",\"url\":\"https:\/\/www.hiseo.cz\/muj-ucet\/\",\"name\":\"M\u016fj \u00fa\u010det - hiSEO.cz\",\"isPartOf\":{\"@id\":\"https:\/\/www.hiseo.cz\/#website\"},\"primaryImageOfPage\":{\"@id\":\"https:\/\/www.hiseo.cz\/muj-ucet\/#primaryimage\"},\"image\":{\"@id\":\"https:\/\/www.hiseo.cz\/muj-ucet\/#primaryimage\"},\"thumbnailUrl\":\"https:\/\/img.youtube.com\/vi\/XHOmBV4js_E\/maxresdefault.jpg\",\"datePublished\":\"2024-01-26T01:00:32+00:00\",\"dateModified\":\"2024-06-08T00:09:44+00:00\",\"breadcrumb\":{\"@id\":\"https:\/\/www.hiseo.cz\/muj-ucet\/#breadcrumb\"},\"inLanguage\":\"en-GB\",\"potentialAction\":[{\"@type\":\"ReadAction\",\"target\":[\"https:\/\/www.hiseo.cz\/muj-ucet\/\"]}]},{\"@type\":\"ImageObject\",\"inLanguage\":\"en-GB\",\"@id\":\"https:\/\/www.hiseo.cz\/muj-ucet\/#primaryimage\",\"url\":\"https:\/\/img.youtube.com\/vi\/XHOmBV4js_E\/maxresdefault.jpg\",\"contentUrl\":\"https:\/\/img.youtube.com\/vi\/XHOmBV4js_E\/maxresdefault.jpg\"},{\"@type\":\"BreadcrumbList\",\"@id\":\"https:\/\/www.hiseo.cz\/muj-ucet\/#breadcrumb\",\"itemListElement\":[{\"@type\":\"ListItem\",\"position\":1,\"name\":\"Home\",\"item\":\"https:\/\/www.hiseo.cz\/\"},{\"@type\":\"ListItem\",\"position\":2,\"name\":\"M\u016fj \u00fa\u010det\"}]},{\"@type\":\"WebSite\",\"@id\":\"https:\/\/www.hiseo.cz\/#website\",\"url\":\"https:\/\/www.hiseo.cz\/\",\"name\":\"hiSEO.cz\",\"description\":\"Tvorba pr\u00e9miov\u00fdch web\u016f a grafiky | hi SEO, s.r.o.\",\"publisher\":{\"@id\":\"https:\/\/www.hiseo.cz\/#organization\"},\"alternateName\":\"Tvorba pr\u00e9miov\u00fdch web\u016f a grafiky\",\"potentialAction\":[{\"@type\":\"SearchAction\",\"target\":{\"@type\":\"EntryPoint\",\"urlTemplate\":\"https:\/\/www.hiseo.cz\/?s={search_term_string}\"},\"query-input\":\"required name=search_term_string\"}],\"inLanguage\":\"en-GB\"},{\"@type\":\"Organization\",\"@id\":\"https:\/\/www.hiseo.cz\/#organization\",\"name\":\"hiSEO.cz\",\"url\":\"https:\/\/www.hiseo.cz\/\",\"logo\":{\"@type\":\"ImageObject\",\"inLanguage\":\"en-GB\",\"@id\":\"https:\/\/www.hiseo.cz\/#\/schema\/logo\/image\/\",\"url\":\"https:\/\/www.hiseo.cz\/wp-content\/uploads\/2023\/10\/Logo-hiSEO-male--e1697841295529.png\",\"contentUrl\":\"https:\/\/www.hiseo.cz\/wp-content\/uploads\/2023\/10\/Logo-hiSEO-male--e1697841295529.png\",\"width\":352,\"height\":89,\"caption\":\"hiSEO.cz\"},\"image\":{\"@id\":\"https:\/\/www.hiseo.cz\/#\/schema\/logo\/image\/\"}}]}<\/script>\n<!-- \/ Yoast SEO Premium plugin. -->","yoast_head_json":{"title":"M\u016fj \u00fa\u010det - hiSEO.cz","robots":{"index":"index","follow":"follow","max-snippet":"max-snippet:-1","max-image-preview":"max-image-preview:large","max-video-preview":"max-video-preview:-1"},"canonical":"https:\/\/www.hiseo.cz\/en\/muj-ucet\/","og_locale":"en_GB","og_type":"article","og_title":"M\u016fj \u00fa\u010det","og_description":"M\u016eJ \u00da\u010cET M\u016fj \u00fa\u010det Objedn\u00e1vky Adresy Detail \u00fa\u010dtu Odhl\u00e1sit M\u016fj \u00fa\u010det Objedn\u00e1vky Adresy Detail \u00fa\u010dtu Odhl\u00e1sit M\u016fj \u00fa\u010det Objedn\u00e1vky Adresy Detail \u00fa\u010dtu Odhl\u00e1sit M\u016fj \u00fa\u010det Objedn\u00e1vky Adresy Detail \u00fa\u010dtu Odhl\u00e1sit Dobr\u00fd den, hiseo (nejste hiseo? Odhl\u00e1sit se) Na n\u00e1st\u011bnce sv\u00e9ho u\u017eivatelsk\u00e9ho \u00fa\u010dtu si m\u016f\u017eete prohl\u00e9dnout sv\u00e9 ned\u00e1vn\u00e9 objedn\u00e1vky, upravit faktura\u010dn\u00ed a doru\u010dovac\u00ed adresy a zm\u011bnit [&hellip;]","og_url":"https:\/\/www.hiseo.cz\/en\/muj-ucet\/","og_site_name":"hiSEO.cz","article_modified_time":"2024-06-08T00:09:44+00:00","og_image":[{"url":"https:\/\/img.youtube.com\/vi\/XHOmBV4js_E\/maxresdefault.jpg"}],"twitter_card":"summary_large_image","twitter_misc":{"Estimated reading time":"3 minutes"},"schema":{"@context":"https:\/\/schema.org","@graph":[{"@type":"WebPage","@id":"https:\/\/www.hiseo.cz\/muj-ucet\/","url":"https:\/\/www.hiseo.cz\/muj-ucet\/","name":"M\u016fj \u00fa\u010det - hiSEO.cz","isPartOf":{"@id":"https:\/\/www.hiseo.cz\/#website"},"primaryImageOfPage":{"@id":"https:\/\/www.hiseo.cz\/muj-ucet\/#primaryimage"},"image":{"@id":"https:\/\/www.hiseo.cz\/muj-ucet\/#primaryimage"},"thumbnailUrl":"https:\/\/img.youtube.com\/vi\/XHOmBV4js_E\/maxresdefault.jpg","datePublished":"2024-01-26T01:00:32+00:00","dateModified":"2024-06-08T00:09:44+00:00","breadcrumb":{"@id":"https:\/\/www.hiseo.cz\/muj-ucet\/#breadcrumb"},"inLanguage":"en-GB","potentialAction":[{"@type":"ReadAction","target":["https:\/\/www.hiseo.cz\/muj-ucet\/"]}]},{"@type":"ImageObject","inLanguage":"en-GB","@id":"https:\/\/www.hiseo.cz\/muj-ucet\/#primaryimage","url":"https:\/\/img.youtube.com\/vi\/XHOmBV4js_E\/maxresdefault.jpg","contentUrl":"https:\/\/img.youtube.com\/vi\/XHOmBV4js_E\/maxresdefault.jpg"},{"@type":"BreadcrumbList","@id":"https:\/\/www.hiseo.cz\/muj-ucet\/#breadcrumb","itemListElement":[{"@type":"ListItem","position":1,"name":"Home","item":"https:\/\/www.hiseo.cz\/"},{"@type":"ListItem","position":2,"name":"M\u016fj \u00fa\u010det"}]},{"@type":"WebSite","@id":"https:\/\/www.hiseo.cz\/#website","url":"https:\/\/www.hiseo.cz\/","name":"hiSEO.cz","description":"Tvorba pr\u00e9miov\u00fdch web\u016f a grafiky | hi SEO, s.r.o.","publisher":{"@id":"https:\/\/www.hiseo.cz\/#organization"},"alternateName":"Tvorba pr\u00e9miov\u00fdch web\u016f a grafiky","potentialAction":[{"@type":"SearchAction","target":{"@type":"EntryPoint","urlTemplate":"https:\/\/www.hiseo.cz\/?s={search_term_string}"},"query-input":"required name=search_term_string"}],"inLanguage":"en-GB"},{"@type":"Organization","@id":"https:\/\/www.hiseo.cz\/#organization","name":"hiSEO.cz","url":"https:\/\/www.hiseo.cz\/","logo":{"@type":"ImageObject","inLanguage":"en-GB","@id":"https:\/\/www.hiseo.cz\/#\/schema\/logo\/image\/","url":"https:\/\/www.hiseo.cz\/wp-content\/uploads\/2023\/10\/Logo-hiSEO-male--e1697841295529.png","contentUrl":"https:\/\/www.hiseo.cz\/wp-content\/uploads\/2023\/10\/Logo-hiSEO-male--e1697841295529.png","width":352,"height":89,"caption":"hiSEO.cz"},"image":{"@id":"https:\/\/www.hiseo.cz\/#\/schema\/logo\/image\/"}}]}},"_links":{"self":[{"href":"https:\/\/www.hiseo.cz\/en\/wp-json\/wp\/v2\/pages\/647","targetHints":{"allow":["GET"]}}],"collection":[{"href":"https:\/\/www.hiseo.cz\/en\/wp-json\/wp\/v2\/pages"}],"about":[{"href":"https:\/\/www.hiseo.cz\/en\/wp-json\/wp\/v2\/types\/page"}],"author":[{"embeddable":true,"href":"https:\/\/www.hiseo.cz\/en\/wp-json\/wp\/v2\/users\/1"}],"replies":[{"embeddable":true,"href":"https:\/\/www.hiseo.cz\/en\/wp-json\/wp\/v2\/comments?post=647"}],"version-history":[{"count":0,"href":"https:\/\/www.hiseo.cz\/en\/wp-json\/wp\/v2\/pages\/647\/revisions"}],"wp:attachment":[{"href":"https:\/\/www.hiseo.cz\/en\/wp-json\/wp\/v2\/media?parent=647"}],"curies":[{"name":"wp","href":"https:\/\/api.w.org\/{rel}","templated":true}]}}