{"id":1161,"date":"2024-04-09T17:29:09","date_gmt":"2024-04-09T15:29:09","guid":{"rendered":"https:\/\/www.hiseo.cz\/?post_type=product&#038;p=1161"},"modified":"2024-04-10T00:18:40","modified_gmt":"2024-04-09T22:18:40","slug":"internetovy-obchod-design-1","status":"publish","type":"product","link":"https:\/\/www.hiseo.cz\/en\/product\/internetovy-obchod-design-1\/","title":{"rendered":"E-shop | V1"},"content":{"rendered":"<p data-sourcepos=\"12:1-12:23\"><strong>Internetov\u00fd obchod:<\/strong><\/p>\n<p data-sourcepos=\"14:1-14:303\">Hled\u00e1te elegantn\u00ed a modern\u00ed zp\u016fsob, jak prod\u00e1vat produkty online? Pak je tento internetov\u00fd obchod ide\u00e1ln\u00ed volbou pro v\u00e1s. D\u00edky snadn\u00e9 instalaci a \u00faprav\u011b ho zvl\u00e1dne pou\u017e\u00edvat i naprost\u00fd laik. Obchod je vhodn\u00fd pro firmy i jednotlivce, kte\u0159\u00ed cht\u011bj\u00ed roz\u0161\u00ed\u0159it dosah sv\u00e9ho podnik\u00e1n\u00ed a prod\u00e1vat produkty online.<\/p>\n<p data-sourcepos=\"16:1-16:237\">Nab\u00edz\u00edme elegantn\u00ed a modern\u00ed design, kter\u00fd zaujme va\u0161e klienty a z\u00e1kazn\u00edky. Obchod si snadno nainstalujete a uprav\u00edte dle va\u0161ich p\u0159edstav. M\u016f\u017eete vlo\u017eit vlastn\u00ed produkty, kategorie, platebn\u00ed metody a dal\u0161\u00ed informace, kter\u00e9 chcete sd\u00edlet.<\/p>\n<p data-sourcepos=\"18:1-18:135\">S t\u00edmto internetov\u00fdm obchodem se budete moci prezentovat online jako profesion\u00e1l a s minimem n\u00e1mahy prod\u00e1vat produkty \u0161irok\u00e9mu publiku.<\/p>\n<p data-sourcepos=\"20:1-20:25\"><strong>Zde je shrnut\u00ed v\u00fdhod:<\/strong><\/p>\n<ul data-sourcepos=\"22:1-27:0\">\n<li data-sourcepos=\"22:1-22:28\">Elegantn\u00ed a modern\u00ed design<\/li>\n<li data-sourcepos=\"23:1-23:44\">Snadn\u00e1 \u00faprava produkt\u016f, kategori\u00ed a plateb<\/li>\n<li data-sourcepos=\"24:1-24:32\">Vhodn\u00fd pro firmy i jednotlivce<\/li>\n<li data-sourcepos=\"25:1-25:32\">Videon\u00e1vod s podrobn\u00fdm n\u00e1vodem<\/li>\n<li data-sourcepos=\"26:1-27:0\">Zaji\u0161t\u011bn\u00ed technick\u00e9 str\u00e1nky obchodu<\/li>\n<\/ul>\n<p data-sourcepos=\"28:1-28:100\"><strong>Objednejte si internetov\u00fd obchod je\u0161t\u011b dnes a za\u010dn\u011bte prod\u00e1vat produkty online s minimem n\u00e1mahy!<\/strong><\/p>","protected":false},"excerpt":{"rendered":"<p>Elegantn\u00ed a modern\u00ed design<br \/>\nSnadn\u00e1 \u00faprava produkt\u016f, kategori\u00ed a plateb<br \/>\nVhodn\u00fd pro prodej produkt\u016f online<br \/>\nRoz\u0161i\u0159te dosah sv\u00e9ho podnik\u00e1n\u00ed<\/p>","protected":false},"featured_media":1237,"template":"","meta":[],"product_cat":[21,30],"product_tag":[],"class_list":{"0":"post-1161","1":"product","2":"type-product","3":"status-publish","4":"has-post-thumbnail","6":"product_cat-internetove-stranky","7":"product_cat-v2","9":"first","10":"instock","11":"virtual","12":"purchasable","13":"product-type-simple"},"yoast_head":"<!-- This site is optimized with the Yoast SEO Premium plugin v22.8 (Yoast SEO v22.8) - https:\/\/yoast.com\/wordpress\/plugins\/seo\/ -->\n<title>E-shop | V1 - hiSEO.cz<\/title>\n<meta name=\"robots\" content=\"index, follow, max-snippet:-1, max-image-preview:large, max-video-preview:-1\" \/>\n<link rel=\"canonical\" href=\"https:\/\/www.hiseo.cz\/en\/product\/internetovy-obchod-design-1\/\" \/>\n<meta property=\"og:locale\" content=\"en_GB\" \/>\n<meta property=\"og:type\" content=\"article\" \/>\n<meta property=\"og:title\" content=\"E-shop | V1\" \/>\n<meta property=\"og:description\" content=\"Elegantn\u00ed a modern\u00ed design Snadn\u00e1 \u00faprava produkt\u016f, kategori\u00ed a plateb Vhodn\u00fd pro prodej produkt\u016f online Roz\u0161i\u0159te dosah sv\u00e9ho podnik\u00e1n\u00ed\" \/>\n<meta property=\"og:url\" content=\"https:\/\/www.hiseo.cz\/en\/product\/internetovy-obchod-design-1\/\" \/>\n<meta property=\"og:site_name\" content=\"hiSEO.cz\" \/>\n<meta property=\"article:modified_time\" content=\"2024-04-09T22:18:40+00:00\" \/>\n<meta property=\"og:image\" content=\"https:\/\/www.hiseo.cz\/wp-content\/uploads\/2024\/04\/Eshop-hiSEO.cz-Vzhled-V1-Uvodni-stranka.webp\" \/>\n\t<meta property=\"og:image:width\" content=\"1920\" \/>\n\t<meta property=\"og:image:height\" content=\"960\" \/>\n\t<meta property=\"og:image:type\" content=\"image\/webp\" \/>\n<meta name=\"twitter:card\" content=\"summary_large_image\" \/>\n<meta name=\"twitter:label1\" content=\"Estimated reading time\" \/>\n\t<meta name=\"twitter:data1\" content=\"1 minute\" \/>\n<script type=\"application\/ld+json\" class=\"yoast-schema-graph\">{\"@context\":\"https:\/\/schema.org\",\"@graph\":[{\"@type\":\"WebPage\",\"@id\":\"https:\/\/www.hiseo.cz\/produkt\/internetovy-obchod-design-1\/\",\"url\":\"https:\/\/www.hiseo.cz\/produkt\/internetovy-obchod-design-1\/\",\"name\":\"E-shop | V1 - hiSEO.cz\",\"isPartOf\":{\"@id\":\"https:\/\/www.hiseo.cz\/#website\"},\"primaryImageOfPage\":{\"@id\":\"https:\/\/www.hiseo.cz\/produkt\/internetovy-obchod-design-1\/#primaryimage\"},\"image\":{\"@id\":\"https:\/\/www.hiseo.cz\/produkt\/internetovy-obchod-design-1\/#primaryimage\"},\"thumbnailUrl\":\"https:\/\/www.hiseo.cz\/wp-content\/uploads\/2024\/04\/Eshop-hiSEO.cz-Vzhled-V1-Uvodni-stranka.webp\",\"datePublished\":\"2024-04-09T15:29:09+00:00\",\"dateModified\":\"2024-04-09T22:18:40+00:00\",\"breadcrumb\":{\"@id\":\"https:\/\/www.hiseo.cz\/produkt\/internetovy-obchod-design-1\/#breadcrumb\"},\"inLanguage\":\"en-GB\",\"potentialAction\":[{\"@type\":\"ReadAction\",\"target\":[\"https:\/\/www.hiseo.cz\/produkt\/internetovy-obchod-design-1\/\"]}]},{\"@type\":\"ImageObject\",\"inLanguage\":\"en-GB\",\"@id\":\"https:\/\/www.hiseo.cz\/produkt\/internetovy-obchod-design-1\/#primaryimage\",\"url\":\"https:\/\/www.hiseo.cz\/wp-content\/uploads\/2024\/04\/Eshop-hiSEO.cz-Vzhled-V1-Uvodni-stranka.webp\",\"contentUrl\":\"https:\/\/www.hiseo.cz\/wp-content\/uploads\/2024\/04\/Eshop-hiSEO.cz-Vzhled-V1-Uvodni-stranka.webp\",\"width\":1920,\"height\":960,\"caption\":\"Eshop | hiSEO.cz | Vzhled V1 | U\u0301vodni\u0301 stra\u0301nka\"},{\"@type\":\"BreadcrumbList\",\"@id\":\"https:\/\/www.hiseo.cz\/produkt\/internetovy-obchod-design-1\/#breadcrumb\",\"itemListElement\":[{\"@type\":\"ListItem\",\"position\":1,\"name\":\"Home\",\"item\":\"https:\/\/www.hiseo.cz\/\"},{\"@type\":\"ListItem\",\"position\":2,\"name\":\"Obchod\",\"item\":\"https:\/\/www.hiseo.cz\/obchod\/\"},{\"@type\":\"ListItem\",\"position\":3,\"name\":\"E-shop | V1\"}]},{\"@type\":\"WebSite\",\"@id\":\"https:\/\/www.hiseo.cz\/#website\",\"url\":\"https:\/\/www.hiseo.cz\/\",\"name\":\"hiSEO.cz\",\"description\":\"Tvorba pr\u00e9miov\u00fdch web\u016f a grafiky | hi SEO, s.r.o.\",\"publisher\":{\"@id\":\"https:\/\/www.hiseo.cz\/#organization\"},\"alternateName\":\"Tvorba pr\u00e9miov\u00fdch web\u016f a grafiky\",\"potentialAction\":[{\"@type\":\"SearchAction\",\"target\":{\"@type\":\"EntryPoint\",\"urlTemplate\":\"https:\/\/www.hiseo.cz\/?s={search_term_string}\"},\"query-input\":\"required name=search_term_string\"}],\"inLanguage\":\"en-GB\"},{\"@type\":\"Organization\",\"@id\":\"https:\/\/www.hiseo.cz\/#organization\",\"name\":\"hiSEO.cz\",\"url\":\"https:\/\/www.hiseo.cz\/\",\"logo\":{\"@type\":\"ImageObject\",\"inLanguage\":\"en-GB\",\"@id\":\"https:\/\/www.hiseo.cz\/#\/schema\/logo\/image\/\",\"url\":\"https:\/\/www.hiseo.cz\/wp-content\/uploads\/2023\/10\/Logo-hiSEO-male--e1697841295529.png\",\"contentUrl\":\"https:\/\/www.hiseo.cz\/wp-content\/uploads\/2023\/10\/Logo-hiSEO-male--e1697841295529.png\",\"width\":352,\"height\":89,\"caption\":\"hiSEO.cz\"},\"image\":{\"@id\":\"https:\/\/www.hiseo.cz\/#\/schema\/logo\/image\/\"}}]}<\/script>\n<!-- \/ Yoast SEO Premium plugin. -->","yoast_head_json":{"title":"E-shop | V1 - hiSEO.cz","robots":{"index":"index","follow":"follow","max-snippet":"max-snippet:-1","max-image-preview":"max-image-preview:large","max-video-preview":"max-video-preview:-1"},"canonical":"https:\/\/www.hiseo.cz\/en\/product\/internetovy-obchod-design-1\/","og_locale":"en_GB","og_type":"article","og_title":"E-shop | V1","og_description":"Elegantn\u00ed a modern\u00ed design Snadn\u00e1 \u00faprava produkt\u016f, kategori\u00ed a plateb Vhodn\u00fd pro prodej produkt\u016f online Roz\u0161i\u0159te dosah sv\u00e9ho podnik\u00e1n\u00ed","og_url":"https:\/\/www.hiseo.cz\/en\/product\/internetovy-obchod-design-1\/","og_site_name":"hiSEO.cz","article_modified_time":"2024-04-09T22:18:40+00:00","og_image":[{"width":1920,"height":960,"url":"https:\/\/www.hiseo.cz\/wp-content\/uploads\/2024\/04\/Eshop-hiSEO.cz-Vzhled-V1-Uvodni-stranka.webp","type":"image\/webp"}],"twitter_card":"summary_large_image","twitter_misc":{"Estimated reading time":"1 minute"},"schema":{"@context":"https:\/\/schema.org","@graph":[{"@type":"WebPage","@id":"https:\/\/www.hiseo.cz\/produkt\/internetovy-obchod-design-1\/","url":"https:\/\/www.hiseo.cz\/produkt\/internetovy-obchod-design-1\/","name":"E-shop | V1 - hiSEO.cz","isPartOf":{"@id":"https:\/\/www.hiseo.cz\/#website"},"primaryImageOfPage":{"@id":"https:\/\/www.hiseo.cz\/produkt\/internetovy-obchod-design-1\/#primaryimage"},"image":{"@id":"https:\/\/www.hiseo.cz\/produkt\/internetovy-obchod-design-1\/#primaryimage"},"thumbnailUrl":"https:\/\/www.hiseo.cz\/wp-content\/uploads\/2024\/04\/Eshop-hiSEO.cz-Vzhled-V1-Uvodni-stranka.webp","datePublished":"2024-04-09T15:29:09+00:00","dateModified":"2024-04-09T22:18:40+00:00","breadcrumb":{"@id":"https:\/\/www.hiseo.cz\/produkt\/internetovy-obchod-design-1\/#breadcrumb"},"inLanguage":"en-GB","potentialAction":[{"@type":"ReadAction","target":["https:\/\/www.hiseo.cz\/produkt\/internetovy-obchod-design-1\/"]}]},{"@type":"ImageObject","inLanguage":"en-GB","@id":"https:\/\/www.hiseo.cz\/produkt\/internetovy-obchod-design-1\/#primaryimage","url":"https:\/\/www.hiseo.cz\/wp-content\/uploads\/2024\/04\/Eshop-hiSEO.cz-Vzhled-V1-Uvodni-stranka.webp","contentUrl":"https:\/\/www.hiseo.cz\/wp-content\/uploads\/2024\/04\/Eshop-hiSEO.cz-Vzhled-V1-Uvodni-stranka.webp","width":1920,"height":960,"caption":"Eshop | hiSEO.cz | Vzhled V1 | U\u0301vodni\u0301 stra\u0301nka"},{"@type":"BreadcrumbList","@id":"https:\/\/www.hiseo.cz\/produkt\/internetovy-obchod-design-1\/#breadcrumb","itemListElement":[{"@type":"ListItem","position":1,"name":"Home","item":"https:\/\/www.hiseo.cz\/"},{"@type":"ListItem","position":2,"name":"Obchod","item":"https:\/\/www.hiseo.cz\/obchod\/"},{"@type":"ListItem","position":3,"name":"E-shop | V1"}]},{"@type":"WebSite","@id":"https:\/\/www.hiseo.cz\/#website","url":"https:\/\/www.hiseo.cz\/","name":"hiSEO.cz","description":"Tvorba pr\u00e9miov\u00fdch web\u016f a grafiky | hi SEO, s.r.o.","publisher":{"@id":"https:\/\/www.hiseo.cz\/#organization"},"alternateName":"Tvorba pr\u00e9miov\u00fdch web\u016f a grafiky","potentialAction":[{"@type":"SearchAction","target":{"@type":"EntryPoint","urlTemplate":"https:\/\/www.hiseo.cz\/?s={search_term_string}"},"query-input":"required name=search_term_string"}],"inLanguage":"en-GB"},{"@type":"Organization","@id":"https:\/\/www.hiseo.cz\/#organization","name":"hiSEO.cz","url":"https:\/\/www.hiseo.cz\/","logo":{"@type":"ImageObject","inLanguage":"en-GB","@id":"https:\/\/www.hiseo.cz\/#\/schema\/logo\/image\/","url":"https:\/\/www.hiseo.cz\/wp-content\/uploads\/2023\/10\/Logo-hiSEO-male--e1697841295529.png","contentUrl":"https:\/\/www.hiseo.cz\/wp-content\/uploads\/2023\/10\/Logo-hiSEO-male--e1697841295529.png","width":352,"height":89,"caption":"hiSEO.cz"},"image":{"@id":"https:\/\/www.hiseo.cz\/#\/schema\/logo\/image\/"}}]}},"_links":{"self":[{"href":"https:\/\/www.hiseo.cz\/en\/wp-json\/wp\/v2\/product\/1161","targetHints":{"allow":["GET"]}}],"collection":[{"href":"https:\/\/www.hiseo.cz\/en\/wp-json\/wp\/v2\/product"}],"about":[{"href":"https:\/\/www.hiseo.cz\/en\/wp-json\/wp\/v2\/types\/product"}],"wp:featuredmedia":[{"embeddable":true,"href":"https:\/\/www.hiseo.cz\/en\/wp-json\/wp\/v2\/media\/1237"}],"wp:attachment":[{"href":"https:\/\/www.hiseo.cz\/en\/wp-json\/wp\/v2\/media?parent=1161"}],"wp:term":[{"taxonomy":"product_cat","embeddable":true,"href":"https:\/\/www.hiseo.cz\/en\/wp-json\/wp\/v2\/product_cat?post=1161"},{"taxonomy":"product_tag","embeddable":true,"href":"https:\/\/www.hiseo.cz\/en\/wp-json\/wp\/v2\/product_tag?post=1161"}],"curies":[{"name":"wp","href":"https:\/\/api.w.org\/{rel}","templated":true}]}}